{"id":1118,"date":"2023-09-21T18:00:22","date_gmt":"2023-09-21T09:00:22","guid":{"rendered":"https:\/\/bitwallet.com\/?page_id=1118"},"modified":"2026-03-25T12:58:20","modified_gmt":"2026-03-25T03:58:20","slug":"api","status":"publish","type":"page","link":"https:\/\/bitwallet.com\/es\/support\/api\/","title":{"rendered":"Especificaci\u00f3n API"},"content":{"rendered":"<div class=\"wp-block-cover alignwide header\"><img loading=\"lazy\" decoding=\"async\" width=\"2000\" height=\"360\" class=\"wp-block-cover__image-background wp-image-1120\" alt=\"\" src=\"https:\/\/bitwallet.com\/wp-content\/uploads\/2023\/09\/mv-support-api-jpg.webp\" data-object-fit=\"cover\"\/><span aria-hidden=\"true\" class=\"wp-block-cover__background has-background-dim-0 has-background-dim\"><\/span><div class=\"wp-block-cover__inner-container has-global-padding is-layout-constrained wp-block-cover-is-layout-constrained\">\n<h1 class=\"wp-block-heading has-text-align-left effect00\">Especificaci\u00f3n API<\/h1>\n\n\n\n<p class=\"effect00 fadeTimeA\">Especificaci\u00f3n del programa para desarrolladores<\/p>\n<\/div><\/div>\n\n\n\n<h2 class=\"wp-block-heading effect00\">API web bitwallet<\/h2>\n\n\n\n<p class=\"effect00 fadeTimeA\">bitwallet proporciona una explicaci\u00f3n integral en la especificaci\u00f3n API, como bitwallet API y bitwallet Exchange API para desarrolladores. La API para comerciantes bitwallet permite que la cuenta del comerciante se conecte a nuestros servicios de pago y autenticaci\u00f3n para un entorno de pago fluido.<\/p>\n\n\n\n<div class=\"wp-block-group box effect00 fadeTimeB has-global-padding is-layout-constrained wp-block-group-is-layout-constrained\">\n<h3 class=\"wp-block-heading fiat\">API web bitwallet<\/h3>\n\n\n\n<h4 class=\"wp-block-heading\">API de pago bitwallet (BPA)<\/h4>\n\n\n\n<p>BPA es una API de puerta de enlace para transacciones con tarjeta de cr\u00e9dito bitwallet, que permite un proceso de pago sencillo (tarjeta de cr\u00e9dito y transferencia bancaria) en la plataforma bitwallet.<\/p>\n\n\n\n<p class=\"blank\"><a href=\"#\">Especificaci\u00f3n de BPA (preparaci\u00f3n)<\/a><\/p>\n\n\n\n<hr class=\"wp-block-separator has-alpha-channel-opacity\"\/>\n\n\n\n<h4 class=\"wp-block-heading\">API de intercambio bitwallet (BEA)<\/h4>\n\n\n\n<p>BEA es una API especializada en cambio de divisas disponible en la plataforma bitwallet. BEA se divide en dos tipos, API p\u00fablica y API segura. La API p\u00fablica no emplea autenticaci\u00f3n de usuario, mientras que la API segura requiere autenticaci\u00f3n. La API p\u00fablica proporciona datos h\u00edbridos, como informaci\u00f3n de precios, y la API segura garantiza la confidencialidad de la informaci\u00f3n, el dep\u00f3sito y el retiro que procesa a trav\u00e9s de la API.<\/p>\n\n\n\n<p class=\"blank\"><a href=\"#\">Especificaci\u00f3n BEA (Preparaci\u00f3n) <\/a><\/p>\n\n\n\n<hr class=\"wp-block-separator has-alpha-channel-opacity\"\/>\n\n\n\n<h4 class=\"wp-block-heading\">API comercial bitwallet (BMA)<\/h4>\n\n\n\n<p>BMA es una API que bitwallet ha implementado con funci\u00f3n de billetera en su plataforma. La API est\u00e1 especializada y dirigida a cuentas de comerciantes al integrar el sistema de pago bitwallet, funciones de billetera y permitir la autenticaci\u00f3n de identidad OpenID Connect en sus sitios web.<\/p>\n\n\n\n<p class=\"blank\"><a href=\"https:\/\/secure.bitwallet.com\/docs\/merchant?lang=en\" target=\"_blank\" rel=\"noreferrer noopener\">Especificaci\u00f3n BMA (25\/03\/2026) versi\u00f3n 2.06<\/a><\/p>\n<\/div>","protected":false},"excerpt":{"rendered":"<p>bitwallet Web API bitwallet proporciona una explicaci\u00f3n integral en la especificaci\u00f3n API, como bitwallet API y bitwallet Exchange API para desarrolladores. La API para comerciantes bitwallet permite que la cuenta del comerciante se conecte a nuestros servicios de pago y autenticaci\u00f3n para un entorno de pago perfecto. API web bitwallet API de pago bitwallet (BPA) BPA es una API de puerta de enlace para transacciones con tarjeta de cr\u00e9dito bitwallet, que permite un proceso de pago sencillo (tarjeta de cr\u00e9dito y transferencia bancaria) en la plataforma bitwallet. Especificaci\u00f3n BPA (preparaci\u00f3n) API de intercambio bitwallet (BEA) BEA es una API especializada en cambio de divisas disponible en la plataforma bitwallet. BEA se divide en dos tipos, API p\u00fablica y API segura. La API p\u00fablica no emplea autenticaci\u00f3n de usuario, mientras que la API segura requiere autenticaci\u00f3n. API p\u00fablica...<\/p>","protected":false},"author":5,"featured_media":0,"parent":310,"menu_order":17,"comment_status":"closed","ping_status":"closed","template":"","meta":{"footnotes":""},"class_list":["post-1118","page","type-page","status-publish","hentry"],"_links":{"self":[{"href":"https:\/\/bitwallet.com\/es\/wp-json\/wp\/v2\/pages\/1118","targetHints":{"allow":["GET"]}}],"collection":[{"href":"https:\/\/bitwallet.com\/es\/wp-json\/wp\/v2\/pages"}],"about":[{"href":"https:\/\/bitwallet.com\/es\/wp-json\/wp\/v2\/types\/page"}],"author":[{"embeddable":true,"href":"https:\/\/bitwallet.com\/es\/wp-json\/wp\/v2\/users\/5"}],"replies":[{"embeddable":true,"href":"https:\/\/bitwallet.com\/es\/wp-json\/wp\/v2\/comments?post=1118"}],"version-history":[{"count":18,"href":"https:\/\/bitwallet.com\/es\/wp-json\/wp\/v2\/pages\/1118\/revisions"}],"predecessor-version":[{"id":5774,"href":"https:\/\/bitwallet.com\/es\/wp-json\/wp\/v2\/pages\/1118\/revisions\/5774"}],"up":[{"embeddable":true,"href":"https:\/\/bitwallet.com\/es\/wp-json\/wp\/v2\/pages\/310"}],"wp:attachment":[{"href":"https:\/\/bitwallet.com\/es\/wp-json\/wp\/v2\/media?parent=1118"}],"curies":[{"name":"gracias","href":"https:\/\/api.w.org\/{rel}","templated":true}]}}