{"id":1045,"date":"2023-09-21T10:05:37","date_gmt":"2023-09-21T01:05:37","guid":{"rendered":"https:\/\/bitwallet.com\/?page_id=1045"},"modified":"2024-08-16T12:19:15","modified_gmt":"2024-08-16T03:19:15","slug":"customer-inquiry","status":"publish","type":"page","link":"https:\/\/bitwallet.com\/es\/support\/contact\/customer-inquiry\/","title":{"rendered":"Para atenci\u00f3n al cliente"},"content":{"rendered":"<div class=\"wp-block-cover alignwide header\"><span aria-hidden=\"true\" class=\"wp-block-cover__background has-background-dim-0 has-background-dim\"><\/span><img loading=\"lazy\" decoding=\"async\" width=\"2000\" height=\"360\" class=\"wp-block-cover__image-background wp-image-1033\" alt=\"\" src=\"https:\/\/bitwallet.com\/wp-content\/uploads\/2023\/09\/mv-support-contact-jpg.webp\" data-object-fit=\"cover\"\/><div class=\"wp-block-cover__inner-container has-global-padding is-layout-constrained wp-block-cover-is-layout-constrained\">\n<h1 class=\"wp-block-heading has-text-align-left effect00\">Cont\u00e1ctenos<\/h1>\n\n\n\n<p class=\"effect00 fadeTimeA\">Consulta de servicio<\/p>\n<\/div><\/div>\n\n\n\n<h2 class=\"wp-block-heading effect01\">Para atenci\u00f3n al cliente<\/h2>\n\n\n\n<p><\/p>\n\n\n\n<div class=\"wp-block-group box effect01 has-global-padding is-layout-constrained wp-block-group-is-layout-constrained\">\n<h3 class=\"wp-block-heading\">Para atenci\u00f3n al cliente<\/h3>\n\n\n\n<p>Si tiene alguna pregunta sobre la apertura de una cuenta, el uso de su cuenta o nuestro servicio, cont\u00e1ctenos aqu\u00ed.<\/p>\n\n\n\n<h4 class=\"wp-block-heading\">Formulario de contacto<\/h4>\n\n\n\n<p>Disponible: 24 horas<br>Horario de atenci\u00f3n: de lunes a s\u00e1bado, de 9:00 a 17:00 (JST)<\/p>\n\n\n\n<p>Si ya tiene una cuenta, inicie sesi\u00f3n seleccionando el bot\u00f3n a continuaci\u00f3n y cont\u00e1ctenos.<\/p>\n\n\n\n<div class=\"wp-block-buttons is-content-justification-center is-layout-flex wp-container-core-buttons-is-layout-16018d1d wp-block-buttons-is-layout-flex\">\n<div class=\"wp-block-button effect01\"><a class=\"wp-block-button__link wp-element-button\" href=\"https:\/\/secure.bitwallet.com\/signin\/?a=contact\/lists&amp;lang=en\" target=\"_blank\" rel=\"noreferrer noopener\">Usuarios con una cuenta bitwallet<\/a><\/div>\n<\/div>\n\n\n\n<p>Si no tiene una cuenta o no puede iniciar sesi\u00f3n, cont\u00e1ctenos seleccionando las siguientes opciones.<\/p>\n\n\n\n<div class=\"wp-block-buttons is-content-justification-center is-layout-flex wp-container-core-buttons-is-layout-16018d1d wp-block-buttons-is-layout-flex\">\n<div class=\"wp-block-button effect01 translation-block\"><a class=\"wp-block-button__link wp-element-button\" href=\"https:\/\/secure.bitwallet.com\/contact\/inquiry\/?lang=en\" target=\"_blank\" rel=\"noreferrer noopener\">Clientes que no tienen una cuenta<br> Usuarios que no pueden iniciar sesi\u00f3n<\/a><\/div>\n<\/div>\n\n\n\n<h4 class=\"wp-block-heading\">Soporte de consultas a trav\u00e9s de gu\u00eda de voz (idioma japon\u00e9s)<\/h4>\n\n\n\n<p>Para preguntas generales, tambi\u00e9n puede utilizar la orientaci\u00f3n telef\u00f3nica. Si tiene alguna pregunta espec\u00edfica sobre su cuenta, comun\u00edquese a trav\u00e9s del formulario de consulta anterior.<\/p>\n\n\n\n<p>Disponible: 24 horas<br><span class=\"only-en\">Horario de atenci\u00f3n: de lunes a s\u00e1bado, de 9:00 a 17:00 (JST)<br><\/span><span class=\"only-ja\">\u30aa\u30da\u30ec\u30fc\u30bf\u30fc\u5bfe\u5fdc\u6642\u9593\uff1a\u5e73\u65e5 9:00\uff5e17:00 *\u65e5\u672c\u6642\u9593<\/span><\/p>\n\n\n\n<p class=\"has-text-align-center customer-inquiry\">(+81) 050-3204-0823<\/p>\n\n\n\n<p class=\"note has-small-font-size translation-block\">La informaci\u00f3n personal proporcionada por usted s\u00f3lo se utilizar\u00e1 para responder a su consulta. No la utilizamos para ning\u00fan otro prop\u00f3sito ni la proporcionamos a terceros sin permiso. Manejaremos su informaci\u00f3n personal cuidadosamente de acuerdo con nuestra <a href=\"https:\/\/bitwallet.com\/es\/aboutus\/privacy\/\" target=\"_self\">Pol\u00edtica de Privacidad<\/a> .<\/p>\n<\/div>\n\n\n\n<div class=\"wp-block-cover alignwide is-light help\"><span aria-hidden=\"true\" class=\"wp-block-cover__background has-background-dim-0 has-background-dim\"><\/span><img loading=\"lazy\" decoding=\"async\" width=\"2048\" height=\"336\" class=\"wp-block-cover__image-background wp-image-289\" alt=\"\" src=\"https:\/\/bitwallet.com\/wp-content\/uploads\/2023\/06\/mv-support-jpg.webp\" style=\"object-position:50% 50%\" data-object-fit=\"cover\" data-object-position=\"50% 50%\"\/><div class=\"wp-block-cover__inner-container has-global-padding is-layout-constrained wp-block-cover-is-layout-constrained\">\n<p class=\"has-large-font-size translation-block\"><strong>\u00bfNecesitas ayuda?<\/strong><br> <strong>Estamos aqu\u00ed para ayudar.<\/strong><\/p>\n\n\n\n<p class=\"translation-block\">Nuestro equipo de soporte est\u00e1 dedicado a servirle.<br> Comun\u00edquese con nosotros si tiene alguna pregunta sobre nuestros servicios.<\/p>\n\n\n\n<div class=\"wp-block-buttons is-layout-flex wp-block-buttons-is-layout-flex\">\n<div class=\"wp-block-button\"><a class=\"wp-block-button__link wp-element-button\" href=\"\/es\/support\/contact\/\">Cont\u00e1ctenos<\/a><\/div>\n<\/div>\n<\/div><\/div>","protected":false},"excerpt":{"rendered":"<p>Para atenci\u00f3n al cliente Para atenci\u00f3n al cliente Si tiene alguna pregunta sobre la apertura de una cuenta, el uso de su cuenta o nuestro servicio, comun\u00edquese con nosotros aqu\u00ed. Formulario de contacto Disponible: 24 horas Horario de atenci\u00f3n: de lunes a s\u00e1bado, de 9:00 a 17:00 (JST) Si ya tiene una cuenta, inicie sesi\u00f3n seleccionando el bot\u00f3n a continuaci\u00f3n y cont\u00e1ctenos. Si no tiene una cuenta o no puede iniciar sesi\u00f3n, cont\u00e1ctenos seleccionando las siguientes opciones. Soporte de consultas a trav\u00e9s de la gu\u00eda de voz (idioma japon\u00e9s) Para preguntas generales, tambi\u00e9n puede utilizar la gu\u00eda telef\u00f3nica. Si tiene alguna pregunta espec\u00edfica sobre su cuenta, comun\u00edquese a trav\u00e9s del formulario de consulta anterior. Disponible:\u2026<\/p>","protected":false},"author":5,"featured_media":0,"parent":1028,"menu_order":12,"comment_status":"closed","ping_status":"closed","template":"","meta":{"footnotes":""},"class_list":["post-1045","page","type-page","status-publish","hentry"],"_links":{"self":[{"href":"https:\/\/bitwallet.com\/es\/wp-json\/wp\/v2\/pages\/1045","targetHints":{"allow":["GET"]}}],"collection":[{"href":"https:\/\/bitwallet.com\/es\/wp-json\/wp\/v2\/pages"}],"about":[{"href":"https:\/\/bitwallet.com\/es\/wp-json\/wp\/v2\/types\/page"}],"author":[{"embeddable":true,"href":"https:\/\/bitwallet.com\/es\/wp-json\/wp\/v2\/users\/5"}],"replies":[{"embeddable":true,"href":"https:\/\/bitwallet.com\/es\/wp-json\/wp\/v2\/comments?post=1045"}],"version-history":[{"count":36,"href":"https:\/\/bitwallet.com\/es\/wp-json\/wp\/v2\/pages\/1045\/revisions"}],"predecessor-version":[{"id":4925,"href":"https:\/\/bitwallet.com\/es\/wp-json\/wp\/v2\/pages\/1045\/revisions\/4925"}],"up":[{"embeddable":true,"href":"https:\/\/bitwallet.com\/es\/wp-json\/wp\/v2\/pages\/1028"}],"wp:attachment":[{"href":"https:\/\/bitwallet.com\/es\/wp-json\/wp\/v2\/media?parent=1045"}],"curies":[{"name":"gracias","href":"https:\/\/api.w.org\/{rel}","templated":true}]}}