{"id":1028,"date":"2023-09-21T09:08:14","date_gmt":"2023-09-21T00:08:14","guid":{"rendered":"https:\/\/bitwallet.com\/?page_id=1028"},"modified":"2024-02-21T20:31:05","modified_gmt":"2024-02-21T11:31:05","slug":"contact","status":"publish","type":"page","link":"https:\/\/bitwallet.com\/es\/support\/contact\/","title":{"rendered":"Cont\u00e1ctenos"},"content":{"rendered":"<div class=\"wp-block-cover alignwide header\"><span aria-hidden=\"true\" class=\"wp-block-cover__background has-background-dim-0 has-background-dim\"><\/span><img loading=\"lazy\" decoding=\"async\" width=\"2000\" height=\"360\" class=\"wp-block-cover__image-background wp-image-1033\" alt=\"\" src=\"https:\/\/bitwallet.com\/wp-content\/uploads\/2023\/09\/mv-support-contact-jpg.webp\" data-object-fit=\"cover\"\/><div class=\"wp-block-cover__inner-container has-global-padding is-layout-constrained wp-block-cover-is-layout-constrained\">\n<h1 class=\"wp-block-heading has-text-align-left effect00\">Cont\u00e1ctenos<\/h1>\n\n\n\n<p class=\"effect00 fadeTimeA\">Consulta de servicio<\/p>\n<\/div><\/div>\n\n\n\n\n\n\n<h2 class=\"wp-block-heading effect01\">Cont\u00e1ctenos<\/h2>\n\n\n\n<p class=\"effect01 fadeTimeA\">Si tiene alguna pregunta sobre el servicio bitwallet, comun\u00edquese con nosotros seleccionando las siguientes opciones.<\/p>\n\n\n\n<div class=\"wp-block-group box effect01 has-global-padding is-layout-constrained wp-block-group-is-layout-constrained\">\n<h3 class=\"wp-block-heading\">Para atenci\u00f3n al cliente<\/h3>\n\n\n\n<p>Si tiene alguna pregunta sobre la apertura de una cuenta, el uso de su cuenta o nuestro servicio, cont\u00e1ctenos aqu\u00ed.<\/p>\n\n\n\n<div class=\"wp-block-buttons is-content-justification-center is-layout-flex wp-container-core-buttons-is-layout-16018d1d wp-block-buttons-is-layout-flex\">\n<div class=\"wp-block-button effect01\"><a class=\"wp-block-button__link wp-element-button\" href=\"https:\/\/bitwallet.com\/es\/support\/contact\/customer-inquiry\/\">Para atenci\u00f3n al cliente<\/a><\/div>\n<\/div>\n<\/div>\n\n\n\n<div class=\"wp-block-group box effect01 has-global-padding is-layout-constrained wp-block-group-is-layout-constrained\">\n<h3 class=\"wp-block-heading\">Para comerciantes<\/h3>\n\n\n\n<p>Si es miembro del comerciante o est\u00e1 considerando registrarse como comerciante, cont\u00e1ctenos aqu\u00ed.<\/p>\n\n\n\n<div class=\"wp-block-buttons is-content-justification-center is-layout-flex wp-container-core-buttons-is-layout-16018d1d wp-block-buttons-is-layout-flex\">\n<div class=\"wp-block-button effect01\"><a class=\"wp-block-button__link wp-element-button\" href=\"https:\/\/bitwallet.com\/es\/support\/contact\/merchant-inquiry\/\">Para comerciantes<\/a><\/div>\n<\/div>\n<\/div>\n\n\n\n<div class=\"wp-block-group box has-global-padding is-layout-constrained wp-block-group-is-layout-constrained\">\n<h3 class=\"wp-block-heading\">Para consultas de los medios<\/h3>\n\n\n\n<p>Si es miembro de los medios de comunicaci\u00f3n o desea contactarnos con fines de marketing o de medios, comun\u00edquese con nosotros.<\/p>\n\n\n\n<div class=\"wp-block-buttons is-content-justification-center is-layout-flex wp-container-core-buttons-is-layout-16018d1d wp-block-buttons-is-layout-flex\">\n<div class=\"wp-block-button effect01\"><a class=\"wp-block-button__link wp-element-button\" href=\"https:\/\/bitwallet.com\/es\/support\/contact\/media-inquiry\/\">Para consultas de los medios<\/a><\/div>\n<\/div>\n<\/div>","protected":false},"excerpt":{"rendered":"<p>Cont\u00e1ctenos Si tiene alguna pregunta sobre el servicio bitwallet, cont\u00e1ctenos seleccionando las siguientes opciones. Para atenci\u00f3n al cliente Si tiene alguna pregunta sobre la apertura de una cuenta, el uso de su cuenta o nuestro servicio, cont\u00e1ctenos aqu\u00ed. Para comerciantes Si es miembro de un comerciante o est\u00e1 considerando registrarse como comerciante, cont\u00e1ctenos aqu\u00ed. Para consultas de los medios Si es miembro de los medios o desea comunicarse con los medios o con fines de marketing, comun\u00edquese con nosotros.<\/p>","protected":false},"author":5,"featured_media":0,"parent":310,"menu_order":11,"comment_status":"closed","ping_status":"closed","template":"","meta":{"footnotes":""},"class_list":["post-1028","page","type-page","status-publish","hentry"],"_links":{"self":[{"href":"https:\/\/bitwallet.com\/es\/wp-json\/wp\/v2\/pages\/1028","targetHints":{"allow":["GET"]}}],"collection":[{"href":"https:\/\/bitwallet.com\/es\/wp-json\/wp\/v2\/pages"}],"about":[{"href":"https:\/\/bitwallet.com\/es\/wp-json\/wp\/v2\/types\/page"}],"author":[{"embeddable":true,"href":"https:\/\/bitwallet.com\/es\/wp-json\/wp\/v2\/users\/5"}],"replies":[{"embeddable":true,"href":"https:\/\/bitwallet.com\/es\/wp-json\/wp\/v2\/comments?post=1028"}],"version-history":[{"count":41,"href":"https:\/\/bitwallet.com\/es\/wp-json\/wp\/v2\/pages\/1028\/revisions"}],"predecessor-version":[{"id":4477,"href":"https:\/\/bitwallet.com\/es\/wp-json\/wp\/v2\/pages\/1028\/revisions\/4477"}],"up":[{"embeddable":true,"href":"https:\/\/bitwallet.com\/es\/wp-json\/wp\/v2\/pages\/310"}],"wp:attachment":[{"href":"https:\/\/bitwallet.com\/es\/wp-json\/wp\/v2\/media?parent=1028"}],"curies":[{"name":"gracias","href":"https:\/\/api.w.org\/{rel}","templated":true}]}}