{"id":958,"date":"2023-09-20T15:52:03","date_gmt":"2023-09-20T06:52:03","guid":{"rendered":"https:\/\/bitwallet.com\/?page_id=958"},"modified":"2024-01-10T14:02:43","modified_gmt":"2024-01-10T05:02:43","slug":"payment","status":"publish","type":"page","link":"https:\/\/bitwallet.com\/de\/aboutus\/payment\/","title":{"rendered":"Zahlungsl\u00f6sung"},"content":{"rendered":"<div class=\"wp-block-cover alignwide header\"><span aria-hidden=\"true\" class=\"wp-block-cover__background has-black-background-color has-background-dim-0 has-background-dim\"><\/span><img loading=\"lazy\" decoding=\"async\" width=\"2000\" height=\"360\" class=\"wp-block-cover__image-background wp-image-962\" alt=\"\" src=\"https:\/\/bitwallet.com\/wp-content\/uploads\/2023\/09\/mv-aboutus-payment-jpg.webp\" data-object-fit=\"cover\"\/><div class=\"wp-block-cover__inner-container has-global-padding is-layout-constrained wp-block-cover-is-layout-constrained\">\n<h1 class=\"wp-block-heading has-text-align-left effect00\">Zahlungsl\u00f6sung<\/h1>\n\n\n\n<p class=\"effect00 fadeTimeA\">Globale Zahlungsl\u00f6sung bei bitwallet<\/p>\n<\/div><\/div>\n\n\n\n<h2 class=\"wp-block-heading effect00\">bitwallet Zahlungsl\u00f6sung<\/h2>\n\n\n\n<p class=\"effect00 fadeTimeA\">bitwallet bietet Zahlungsl\u00f6sungen speziell f\u00fcr Online-Gesch\u00e4fte und stellt sicher, dass Millionen von Transaktionen sicher auf unserer Plattform verarbeitet werden. Unsere Zahlungsinfrastruktur umfasst einen Inkassodienst f\u00fcr Kreditkartenzahlungen, eine API-Wallet-Integration und einen Autorisierungs-Gateway-Service.<\/p>\n\n\n\n<div class=\"wp-block-group box effect00 fadeTimeB has-global-padding is-layout-constrained wp-block-group-is-layout-constrained\">\n<h3 class=\"wp-block-heading\">Alle Zahlungsl\u00f6sungen<\/h3>\n\n\n\n<div class=\"wp-block-columns payment-solution is-layout-flex wp-container-core-columns-is-layout-9d6595d7 wp-block-columns-is-layout-flex\">\n<div class=\"wp-block-column is-layout-flow wp-block-column-is-layout-flow\">\n<div class=\"wp-block-columns is-layout-flex wp-container-core-columns-is-layout-9d6595d7 wp-block-columns-is-layout-flex\">\n<div class=\"wp-block-column is-layout-flow wp-block-column-is-layout-flow\">\n<h4 class=\"wp-block-heading has-text-align-center\">Inkassodienst f\u00fcr Kreditkartenzahlungen<\/h4>\n<\/div>\n\n\n\n<div class=\"wp-block-column is-layout-flow wp-block-column-is-layout-flow\">\n<div class=\"wp-block-cover is-light has-custom-content-position is-position-top-center\"><span aria-hidden=\"true\" class=\"wp-block-cover__background has-black-background-color has-background-dim-10 has-background-dim\"><\/span><img loading=\"lazy\" decoding=\"async\" width=\"566\" height=\"326\" class=\"wp-block-cover__image-background wp-image-1621\" alt=\"\" src=\"https:\/\/bitwallet.com\/wp-content\/uploads\/2023\/10\/payment_solution_img01-jpg.webp\" data-object-fit=\"cover\"\/><div class=\"wp-block-cover__inner-container has-global-padding is-layout-constrained wp-block-cover-is-layout-constrained\">\n<h5 class=\"wp-block-heading has-text-align-center\">Inkassodienst f\u00fcr Kreditkartenzahlungen<\/h5>\n\n\n\n<p>bitwallet bietet sowohl Front-End- als auch Back-End-Zahlungsunterst\u00fctzung f\u00fcr E-Commerce-Kunden und H\u00e4ndler und unser Kreditkartenservice akzeptiert Kreditkarten, die internationale Marken wie Visa, MasterCard, American Express, Diners Club International, Discover und JCB unterst\u00fctzen.<\/p>\n\n\n\n<div class=\"wp-block-buttons is-content-justification-center is-layout-flex wp-container-core-buttons-is-layout-16018d1d wp-block-buttons-is-layout-flex\">\n<div class=\"wp-block-button only-en\"><a class=\"wp-block-button__link wp-element-button\" href=\"https:\/\/bitwallet.com\/de\/support\/contact\/\">Finde mehr heraus<\/a><\/div>\n\n\n\n<div class=\"wp-block-button only-ja\"><a class=\"wp-block-button__link wp-element-button\" href=\"https:\/\/bitwallet.com\/de\/support\/contact\/\">\u30da\u30a4\u30e1\u30f3\u30c8\u30bd\u30ea\u30e5\u30fc\u30b7\u30e7\u30f3<\/a><\/div>\n<\/div>\n\n\n\n<div class=\"wp-block-columns are-vertically-aligned-center is-not-stacked-on-mobile is-layout-flex wp-container-core-columns-is-layout-9d6595d7 wp-block-columns-is-layout-flex\">\n<div class=\"wp-block-column is-vertically-aligned-center is-layout-flow wp-block-column-is-layout-flow\" style=\"flex-basis:70px\">\n<figure class=\"wp-block-image size-full is-resized\"><img loading=\"lazy\" decoding=\"async\" width=\"172\" height=\"66\" src=\"https:\/\/bitwallet.com\/wp-content\/uploads\/2023\/10\/logo_pcidss-wh.png\" alt=\"\" class=\"wp-image-1619\" style=\"width:70px\"\/><\/figure>\n<\/div>\n\n\n\n<div class=\"wp-block-column is-vertically-aligned-center is-layout-flow wp-block-column-is-layout-flow\">\n<p class=\"has-small-font-size\">Eine vollst\u00e4ndig genehmigte Konformit\u00e4t mit PCI DSS Version 3.2<\/p>\n<\/div>\n<\/div>\n<\/div><\/div>\n<\/div>\n<\/div>\n<\/div>\n\n\n\n<div class=\"wp-block-column is-layout-flow wp-block-column-is-layout-flow\">\n<div class=\"wp-block-columns is-layout-flex wp-container-core-columns-is-layout-9d6595d7 wp-block-columns-is-layout-flex\">\n<div class=\"wp-block-column is-layout-flow wp-block-column-is-layout-flow\">\n<h4 class=\"wp-block-heading has-text-align-center\">API-Wallet-Integration<\/h4>\n<\/div>\n\n\n\n<div class=\"wp-block-column is-layout-flow wp-block-column-is-layout-flow\">\n<div class=\"wp-block-cover has-custom-content-position is-position-top-center\"><span aria-hidden=\"true\" class=\"wp-block-cover__background has-pale-pink-background-color has-background-dim-0 has-background-dim\"><\/span><img loading=\"lazy\" decoding=\"async\" width=\"566\" height=\"326\" class=\"wp-block-cover__image-background wp-image-1623\" alt=\"\" src=\"https:\/\/bitwallet.com\/wp-content\/uploads\/2023\/10\/payment_solution_img02-jpg.webp\" data-object-fit=\"cover\"\/><div class=\"wp-block-cover__inner-container has-global-padding is-layout-constrained wp-block-cover-is-layout-constrained\">\n<h5 class=\"wp-block-heading has-text-align-center\">API-Wallet-Integration<\/h5>\n\n\n\n<p>bitwallet unterst\u00fctzt die nahtlose Integration der Zahlungsdienst-API in Ihr Online-Gesch\u00e4ft und erm\u00f6glicht verschiedene Direktfunktionen wie Kreditkarten- und Bankzahlung, eine All-in-one-Zahlungsplattform.<\/p>\n\n\n\n<div class=\"wp-block-buttons is-content-justification-center is-layout-flex wp-container-core-buttons-is-layout-16018d1d wp-block-buttons-is-layout-flex\">\n<div class=\"wp-block-button only-en\"><a class=\"wp-block-button__link wp-element-button\" href=\"https:\/\/bitwallet.com\/de\/support\/contact\/\">Finde mehr heraus<\/a><\/div>\n\n\n\n<div class=\"wp-block-button only-ja\"><a class=\"wp-block-button__link wp-element-button\" href=\"https:\/\/bitwallet.com\/de\/support\/contact\/\">\u30da\u30a4\u30e1\u30f3\u30c8\u30bd\u30ea\u30e5\u30fc\u30b7\u30e7\u30f3<\/a><\/div>\n<\/div>\n<\/div><\/div>\n<\/div>\n<\/div>\n<\/div>\n<\/div>\n<\/div>","protected":false},"excerpt":{"rendered":"<p>Discover bitwallet, ein schneller, sicherer und bequemer Anbieter digitaler Geldb\u00f6rsen. Wir bieten Zahlungsl\u00f6sungen f\u00fcr Ihre Transaktion. Er\u00f6ffnen Sie jetzt ein kostenloses Konto.<\/p>","protected":false},"author":5,"featured_media":0,"parent":322,"menu_order":8,"comment_status":"closed","ping_status":"closed","template":"","meta":{"footnotes":""},"class_list":["post-958","page","type-page","status-publish","hentry"],"_links":{"self":[{"href":"https:\/\/bitwallet.com\/de\/wp-json\/wp\/v2\/pages\/958","targetHints":{"allow":["GET"]}}],"collection":[{"href":"https:\/\/bitwallet.com\/de\/wp-json\/wp\/v2\/pages"}],"about":[{"href":"https:\/\/bitwallet.com\/de\/wp-json\/wp\/v2\/types\/page"}],"author":[{"embeddable":true,"href":"https:\/\/bitwallet.com\/de\/wp-json\/wp\/v2\/users\/5"}],"replies":[{"embeddable":true,"href":"https:\/\/bitwallet.com\/de\/wp-json\/wp\/v2\/comments?post=958"}],"version-history":[{"count":36,"href":"https:\/\/bitwallet.com\/de\/wp-json\/wp\/v2\/pages\/958\/revisions"}],"predecessor-version":[{"id":3175,"href":"https:\/\/bitwallet.com\/de\/wp-json\/wp\/v2\/pages\/958\/revisions\/3175"}],"up":[{"embeddable":true,"href":"https:\/\/bitwallet.com\/de\/wp-json\/wp\/v2\/pages\/322"}],"wp:attachment":[{"href":"https:\/\/bitwallet.com\/de\/wp-json\/wp\/v2\/media?parent=958"}],"curies":[{"name":"wp","href":"https:\/\/api.w.org\/{rel}","templated":true}]}}