{"id":948,"date":"2023-09-20T15:36:40","date_gmt":"2023-09-20T06:36:40","guid":{"rendered":"https:\/\/bitwallet.com\/?page_id=948"},"modified":"2024-03-19T16:21:20","modified_gmt":"2024-03-19T07:21:20","slug":"company","status":"publish","type":"page","link":"https:\/\/bitwallet.com\/de\/aboutus\/company\/","title":{"rendered":"Unternehmen"},"content":{"rendered":"<div class=\"wp-block-cover alignwide header\"><span aria-hidden=\"true\" class=\"wp-block-cover__background has-black-background-color has-background-dim-0 has-background-dim\"><\/span><img loading=\"lazy\" decoding=\"async\" width=\"2000\" height=\"360\" class=\"wp-block-cover__image-background wp-image-956\" alt=\"\" src=\"https:\/\/bitwallet.com\/wp-content\/uploads\/2023\/09\/mv-aboutus-company-jpg.webp\" data-object-fit=\"cover\"\/><div class=\"wp-block-cover__inner-container has-global-padding is-layout-constrained wp-block-cover-is-layout-constrained\">\n<h1 class=\"wp-block-heading has-text-align-left\">Unternehmen<\/h1>\n\n\n\n<p>Globale Unternehmensinformationen<\/p>\n<\/div><\/div>\n\n\n\n<div class=\"wp-block-group box has-global-padding is-layout-constrained wp-block-group-is-layout-constrained\">\n<h3 class=\"wp-block-heading\">\u00dcber uns<\/h3>\n\n\n\n<p>Seit unserer Gr\u00fcndung in Singapur im Jahr 2012 bieten wir eine breite Palette von Zahlungsdienstleistungen f\u00fcr asiatische L\u00e4nder und andere L\u00e4nder auf der ganzen Welt an. Wir haben weiterhin nach M\u00f6glichkeiten gesucht, H\u00e4ndlern und ihren Kunden bessere Zahlungsl\u00f6sungen anzubieten, und haben begonnen, \u201ebitwallet\u201c-Dienste anzubieten und gleichzeitig unsere Dienste zu verbessern. Wir verstehen und machen uns mit den L\u00fccken zwischen internationalen Online-Zahlungsmethoden und Technologiebranchen auf den Finanzm\u00e4rkten vertraut und sind uns bewusst, dass es unsere Mission ist, eine nahtlose Zahlungsplattform f\u00fcr alle Gesch\u00e4ftsinhaber und ihre Kunden weltweit zu schaffen und bereitzustellen.<\/p>\n<\/div>\n\n\n\n<p>Wenn Sie Fragen zum bitwallet-Service haben, kontaktieren Sie uns bitte, indem Sie die folgenden Optionen ausw\u00e4hlen.<\/p>\n\n\n\n<div class=\"wp-block-group box has-global-padding is-layout-constrained wp-block-group-is-layout-constrained\">\n<h3 class=\"wp-block-heading\">F\u00fcr den Kundensupport<\/h3>\n\n\n\n<p>Wenn Sie Fragen zur Kontoer\u00f6ffnung, zur Nutzung Ihres Kontos oder zu unserem Service haben, kontaktieren Sie uns bitte hier.<\/p>\n\n\n\n<div class=\"wp-block-buttons is-content-justification-center is-layout-flex wp-container-core-buttons-is-layout-16018d1d wp-block-buttons-is-layout-flex\">\n<div class=\"wp-block-button effect01\"><a class=\"wp-block-button__link wp-element-button\" href=\"\/de\/support\/contact\/customer-inquiry\/\">F\u00fcr den Kundensupport<\/a><\/div>\n<\/div>\n<\/div>\n\n\n\n<div class=\"wp-block-group box has-global-padding is-layout-constrained wp-block-group-is-layout-constrained\">\n<h3 class=\"wp-block-heading\">F\u00fcr H\u00e4ndler<\/h3>\n\n\n\n<p>Wenn Sie Mitglied des H\u00e4ndlers sind oder sich als H\u00e4ndler anmelden m\u00f6chten, kontaktieren Sie uns bitte hier.<\/p>\n\n\n\n<div class=\"wp-block-buttons is-content-justification-center is-layout-flex wp-container-core-buttons-is-layout-16018d1d wp-block-buttons-is-layout-flex\">\n<div class=\"wp-block-button effect01\"><a class=\"wp-block-button__link wp-element-button\" href=\"\/de\/support\/contact\/merchant-inquiry\/\">F\u00fcr H\u00e4ndler<\/a><\/div>\n<\/div>\n<\/div>\n\n\n\n<div class=\"wp-block-group box has-global-padding is-layout-constrained wp-block-group-is-layout-constrained\">\n<h3 class=\"wp-block-heading\">F\u00fcr Medienanfragen<\/h3>\n\n\n\n<p>Wenn Sie Mitglied der Medien sind oder zu Medien- oder Marketingzwecken mit uns Kontakt aufnehmen m\u00f6chten, kontaktieren Sie uns bitte.<\/p>\n\n\n\n<div class=\"wp-block-buttons is-content-justification-center is-layout-flex wp-container-core-buttons-is-layout-16018d1d wp-block-buttons-is-layout-flex\">\n<div class=\"wp-block-button effect01\"><a class=\"wp-block-button__link wp-element-button\" href=\"\/de\/support\/contact\/media-inquiry\/\">F\u00fcr Medienanfragen<\/a><\/div>\n<\/div>\n<\/div>","protected":false},"excerpt":{"rendered":"<p>\u00dcber uns Seit unserer Gr\u00fcndung in Singapur im Jahr 2012 haben wir eine breite Palette von Zahlungsdiensten f\u00fcr asiatische L\u00e4nder und andere L\u00e4nder auf der ganzen Welt bereitgestellt. Wir haben weiterhin nach M\u00f6glichkeiten gesucht, H\u00e4ndlern und ihren Kunden bessere Zahlungsl\u00f6sungen anzubieten, und haben begonnen, \u201ebitwallet\u201c-Dienste anzubieten, w\u00e4hrend wir unsere Dienste verbessert haben. Wir verstehen und kennen uns mit den L\u00fccken zwischen internationalen Online-Zahlungsmethoden und Technologiebranchen auf den Finanzm\u00e4rkten aus und erkennen an, dass unsere Mission darin besteht, eine nahtlose Zahlungsplattform f\u00fcr alle Gesch\u00e4ftsinhaber und ihre Kunden weltweit zu schaffen und bereitzustellen. Wenn Sie Fragen zum bitwallet-Dienst haben, kontaktieren Sie uns bitte, indem Sie \u2026 ausw\u00e4hlen.<\/p>","protected":false},"author":5,"featured_media":0,"parent":322,"menu_order":9,"comment_status":"closed","ping_status":"closed","template":"","meta":{"footnotes":""},"class_list":["post-948","page","type-page","status-publish","hentry"],"_links":{"self":[{"href":"https:\/\/bitwallet.com\/de\/wp-json\/wp\/v2\/pages\/948","targetHints":{"allow":["GET"]}}],"collection":[{"href":"https:\/\/bitwallet.com\/de\/wp-json\/wp\/v2\/pages"}],"about":[{"href":"https:\/\/bitwallet.com\/de\/wp-json\/wp\/v2\/types\/page"}],"author":[{"embeddable":true,"href":"https:\/\/bitwallet.com\/de\/wp-json\/wp\/v2\/users\/5"}],"replies":[{"embeddable":true,"href":"https:\/\/bitwallet.com\/de\/wp-json\/wp\/v2\/comments?post=948"}],"version-history":[{"count":13,"href":"https:\/\/bitwallet.com\/de\/wp-json\/wp\/v2\/pages\/948\/revisions"}],"predecessor-version":[{"id":4665,"href":"https:\/\/bitwallet.com\/de\/wp-json\/wp\/v2\/pages\/948\/revisions\/4665"}],"up":[{"embeddable":true,"href":"https:\/\/bitwallet.com\/de\/wp-json\/wp\/v2\/pages\/322"}],"wp:attachment":[{"href":"https:\/\/bitwallet.com\/de\/wp-json\/wp\/v2\/media?parent=948"}],"curies":[{"name":"wp","href":"https:\/\/api.w.org\/{rel}","templated":true}]}}