{"id":927,"date":"2023-09-13T17:23:14","date_gmt":"2023-09-13T08:23:14","guid":{"rendered":"https:\/\/bitwallet.com\/?page_id=927"},"modified":"2024-03-06T15:57:43","modified_gmt":"2024-03-06T06:57:43","slug":"security","status":"publish","type":"page","link":"https:\/\/bitwallet.com\/de\/service\/security\/","title":{"rendered":"Sicherheit"},"content":{"rendered":"<div class=\"wp-block-cover alignwide header\"><span aria-hidden=\"true\" class=\"wp-block-cover__background has-black-background-color has-background-dim-0 has-background-dim\"><\/span><img loading=\"lazy\" decoding=\"async\" width=\"2000\" height=\"360\" class=\"wp-block-cover__image-background wp-image-2022\" alt=\"\" src=\"https:\/\/bitwallet.com\/wp-content\/uploads\/2023\/11\/mv-service_security-jpg.webp\" data-object-fit=\"cover\"\/><div class=\"wp-block-cover__inner-container has-global-padding is-layout-constrained wp-block-cover-is-layout-constrained\">\n<h1 class=\"wp-block-heading has-text-align-left effect00\">Sicherheit<\/h1>\n\n\n\n<p class=\"effect00 fadeTimeA\">Unser Sicherheits\u00fcberblick<\/p>\n<\/div><\/div>\n\n\n\n<h2 class=\"wp-block-heading effect00\">bitwallet Sicherheitsma\u00dfnahmen<\/h2>\n\n\n\n<div class=\"wp-block-group effect00 fadeTimeA has-global-padding is-layout-constrained wp-block-group-is-layout-constrained\">\n<p>bitwallet (Bitwallet Service Group) ist ein f\u00fchrender Zahlungsdienstleister, der sowohl online als auch offline \u00fcber ein hohes Ma\u00df an Sicherheit verf\u00fcgt, um die Gelder der Kunden auf unserer Plattform sicher aufzubewahren. Unsere Mission ist es, kontinuierlich nach Sicherheitsverbesserungen zu streben und gleichzeitig ein intuitives Surferlebnis f\u00fcr alle Benutzer zu erreichen. Das Team ist davon \u00fcberzeugt, dass durch die Einf\u00fchrung einer besseren Sicherheit auf unserer Plattform das Vertrauen zwischen unseren Kunden und uns gest\u00e4rkt wird.<\/p>\n\n\n\n<p>Unser Team nimmt Sicherheitsma\u00dfnahmen gegen Betrug und unbefugte Nutzung ernst. Vorschriften wie AML (Anti-Money Laundering), KYC (Know Your Customer Identity Verification) usw. wurden implementiert, um internationale Compliance-Standards auf unserer Plattform sicherzustellen.<\/p>\n\n\n\n<p>Sehen Sie sich unten die detaillierten Sicherheitsma\u00dfnahmen an<\/p>\n<\/div>\n\n\n\n<div class=\"wp-block-group box security effect00 fadeTimeB has-global-padding is-layout-constrained wp-block-group-is-layout-constrained\">\n<h3 class=\"wp-block-heading\">Sicherheit<\/h3>\n\n\n\n<p>Eine Gef\u00e4hrdung der Cybersicherheit kann eine gro\u00dfe Bedrohung f\u00fcr Ihr pers\u00f6nliches Finanzverm\u00f6gen darstellen. bitwallet entwickelt st\u00e4ndig Strategien, um unsere Kunden vor Sicherheitsbedrohungen zu sch\u00fctzen.<\/p>\n\n\n\n<p>bitwallet beachtet die Best Practices und Grunds\u00e4tze der Branche, die in der Executive Order unter \u201eImproving Critical Infrastructure Cybersecurity\u201c niedergelegt sind. Dadurch kann bitwallet internationale Sicherheitsstandards erf\u00fcllen und die Widerstandsf\u00e4higkeit der Infrastruktur verbessern. Im Folgenden sind die Informationssicherheitsma\u00dfnahmen aufgef\u00fchrt, die auf dem Rahmenwerk des National Institute of Standards and Technology (NIST) basieren und aus drei Teilen bestehen: dem Rahmenkern, den Implementierungsstufen und den Rahmenprofilen.<\/p>\n\n\n\n<h4 class=\"wp-block-heading\"><strong>Framework-Kern<\/strong><\/h4>\n\n\n\n<p>Der Framework-Kern besteht aus f\u00fcnf Funktionen: Identifizieren, Sch\u00fctzen, Erkennen, Reagieren, Wiederherstellen.<\/p>\n\n\n\n<h5 class=\"wp-block-heading\">1. Identifizieren<\/h5>\n\n\n\n<h6 class=\"wp-block-heading\"><strong>(1) Bereitstellung der Verwahrung und Verwaltung der Verm\u00f6genswerte des Kunden<\/strong><\/h6>\n\n\n\n<p>Die Verm\u00f6genswerte des Benutzers sind auf bitwallet sicher gesch\u00fctzt. Verm\u00f6genswerte wie W\u00e4hrungen werden separat und auf sichere Weise verwaltet.<\/p>\n\n\n\n<h6 class=\"wp-block-heading\"><strong>(2) Finanzinstitutsmanagement auf hoher Ebene<\/strong><\/h6>\n\n\n\n<p>Hochrangige H\u00e4ndler von Finanzinstituten sollten nicht nur Sicherheitsma\u00dfnahmen im System selbst implementieren, sondern auch die Organisation und den Prozess verbessern. Daher hat bitwallet ein Sicherheits-Framework implementiert, das bei Erkennung einer Anomalie einen Wiederherstellungsprozess ausl\u00f6sen kann; Identifizierung der Grundursache und schnelle Diagnose der Anomalie. Wir beabsichtigen, diese Funktion zu implementieren und weiter zu verfeinern.<\/p>\n\n\n\n<h5 class=\"wp-block-heading\">2. Sch\u00fctzen<\/h5>\n\n\n\n<h6 class=\"wp-block-heading\"><strong>2.1 Verschl\u00fcsselung<\/strong><\/h6>\n\n\n\n<h6 class=\"wp-block-heading\"><strong>(1) SSL-Zertifikat<\/strong><\/h6>\n\n\n\n<p>bitwallet verwendet SSL-Verschl\u00fcsselungstechnologie f\u00fcr die Datenkommunikation. SSL ist ein Sicherheitszertifikat, das eine sichere Verbindung zwischen unserer Plattform und unserem Server erm\u00f6glicht und gleichzeitig die Vertraulichkeit aller Daten gew\u00e4hrleistet.<\/p>\n\n\n\n<h6 class=\"wp-block-heading\"><strong>(2) SSL-VPN-Zertifikat<\/strong><\/h6>\n\n\n\n<p>Unser Netzwerkserver ist SSL-VPN-verschl\u00fcsselt, um den Datendiebstahl durch unbefugten Zugriff Dritter zu verhindern, da alle Daten vor der \u00dcbertragung verschl\u00fcsselt werden.<\/p>\n\n\n\n<h6 class=\"wp-block-heading\"><strong>2.2 Firewall-Netzwerksicherheit<\/strong><\/h6>\n\n\n\n<h6 class=\"wp-block-heading\"><strong>(1) Firewall<\/strong><\/h6>\n\n\n\n<p>Firewalls fungieren als Filter zwischen Netzwerk und Internet. Die Firewall erh\u00f6ht die Sicherheit unseres Servers, da sie die \u00dcbertragung von Bedrohungen wie Malware und Viren verhindert.<\/p>\n\n\n\n<h6 class=\"wp-block-heading\"><strong>(2) Webanwendungs-Firewall<\/strong><\/h6>\n\n\n\n<p>bitwallet nutzt eine Web Application Firewall (WAF) zum Schutz vor b\u00f6swilligen Versuchen, unser System zu gef\u00e4hrden oder unsere Daten zu exfiltrieren. bitwallet WAF blockiert g\u00e4ngige Angriffsmuster f\u00fcr unser Betriebssystem, unsere Software und unseren Service.<\/p>\n\n\n\n<h6 class=\"wp-block-heading\"><strong>(3) IP-Anycast<\/strong><\/h6>\n\n\n\n<p>Ein Dos-Angriff (Denial of Service) ist ein Versuch, das Benutzernetzwerk mit nutzlosem Datenverkehr zu \u00fcberschwemmen, ein Angriff mit Spam-E-Mails (Mailbombe) und mehreren Ping-Anfragepaketen, die dazu f\u00fchren, dass eine Maschine oder ein Netzwerk heruntergefahren wird und f\u00fcr die vorgesehenen Benutzer nicht mehr zug\u00e4nglich ist . Es gibt auch DDoS-Angriffe, die die Netzwerkfunktionalit\u00e4t dauerhaft zum Absturz bringen. bitwallet verwendet IP Anycast, um die Anfrage umzuleiten.<\/p>\n\n\n\n<h6 class=\"wp-block-heading\"><strong>(4) Intrusion Detection System (IDS)<\/strong><\/h6>\n\n\n\n<p>Beim Empfang mehrerer Netzwerkdaten auf dem Server ist IDS in der Lage, verd\u00e4chtige Aktivit\u00e4ten zu \u00fcberwachen und zu erkennen und entsprechende Warnungen auszugeben. Das System ist in der Lage, bei entdeckten sch\u00e4dlichen Aktivit\u00e4ten und ungew\u00f6hnlichem Datenverkehr Ma\u00dfnahmen zu ergreifen. bitwallet verwendet zwei Systemtypen: Network Intrusion Detection System und Host Intrusion Detection System. Die Netzwerk-Intrusion-Detection \u00fcberwacht den ein- und ausgehenden Datenverkehr, w\u00e4hrend die Host-Intrusion-Detection b\u00f6sartigen Datenverkehr identifizieren kann, der vom Host selbst kommt.<\/p>\n\n\n\n<h6 class=\"wp-block-heading\"><strong>(5) Unified Threat Management (UTM)<\/strong><\/h6>\n\n\n\n<p>UTM konsolidiert mehrere Sicherheitsdienste und -funktionen wie IDS, IPS und andere Webinhalte, um bitwallet vor Sicherheitsbedrohungen zu sch\u00fctzen.<\/p>\n\n\n\n<h6 class=\"wp-block-heading\"><strong>2.3 Identit\u00e4tspr\u00fcfung<\/strong><\/h6>\n\n\n\n<h6 class=\"wp-block-heading\"><strong>(1) Starkes Passwort<\/strong><\/h6>\n\n\n\n<p>Die Wiederverwendung oder Erstellung eines einfachen Passworts, das nur aus Buchstaben wie \u201eBitcoin\u201c besteht, macht es schwach und leicht zu knacken. bitwallet erlaubt nur sichere Passw\u00f6rter, die eine lange Kombination aus Gro\u00df- und Kleinbuchstaben, Zahlen und Satzzeichen enthalten, was das Knacken erschwert.<\/p>\n\n\n\n<h6 class=\"wp-block-heading\"><strong>(2) Kontosperre<\/strong><\/h6>\n\n\n\n<p>Wenn der Benutzer mehrere Anmeldeversuche unternimmt, wird dies als unbefugter Zugriff Dritter gewertet und das Konto wird gesperrt. Setzen Sie Ihr Passwort zur\u00fcck, wenn Sie es vergessen haben. Ihr Konto wird erst wiederhergestellt, wenn Sie die Identit\u00e4tsauthentifizierung durchgef\u00fchrt haben.<\/p>\n\n\n\n<h6 class=\"wp-block-heading\"><strong>(3) 2-Faktor-Authentifizierung<\/strong><\/h6>\n\n\n\n<p>Um unbefugten Zugriff durch Dritte zu verhindern, dient die 2-Faktor-Authentifizierung (2FA) als zus\u00e4tzliche Sicherheitsebene, wenn Sie sich bei bitwallet anmelden. Der Benutzer ben\u00f6tigt ein Kontopasswort und eine zweite Anmeldung mit seinem eigenen Token, um auf sein Konto zuzugreifen. Dadurch wird es f\u00fcr potenzielle Eindringlinge schwieriger, Zugriff zu erhalten, da sie nicht \u00fcber das Token zum Anmelden verf\u00fcgen.<\/p>\n\n\n\n<h6 class=\"wp-block-heading\"><strong>(4) \u00dcberwachen Sie den Anmeldeverlauf<\/strong><\/h6>\n\n\n\n<p>Ihr Anmeldeverlauf wird jedes Mal auf dem Server gespeichert, wenn Sie sich von einem bestimmten Ger\u00e4t oder \u00fcber das Internet anmelden, einschlie\u00dflich des allgemeinen Standorts und der IP-Adresse. Sehen Sie sich diese an, um festzustellen, ob ein unbekannter Login vorhanden ist.<\/p>\n\n\n\n<h6 class=\"wp-block-heading\"><strong>(5) Sitzungszeit\u00fcberschreitung<\/strong><\/h6>\n\n\n\n<p>Wenn Sie nach der Anmeldung eine Zeit lang inaktiv sind, werden Sie automatisch von Ihrem Konto abgemeldet, um unbefugten Zugriff zu verhindern.<\/p>\n\n\n\n<h6 class=\"wp-block-heading\"><strong>2.4 Programmma\u00dfnahmen<\/strong><\/h6>\n\n\n\n<h6 class=\"wp-block-heading\"><strong>(1) Cross-Site-Scripting<\/strong><\/h6>\n\n\n\n<p>Cross-Site-Scripting ist ein Sicherheitsangriff, bei dem ein Angreifer eine anf\u00e4llige Website von einer anderen vertrauensw\u00fcrdigen Website aus ansteuern kann. bitwallet wird bereinigt, um diese Art von Angriffen zu verhindern. Potenziell gef\u00e4hrliche Daten werden dabei entfernt oder ver\u00e4ndert, sodass sie nicht mehr ausf\u00fchrbar sind.<\/p>\n\n\n\n<h6 class=\"wp-block-heading\"><strong>(2) SQL-Injection<\/strong><\/h6>\n\n\n\n<p>SQL-Injection ist eine Programmiersprache, die zur Kommunikation mit anf\u00e4lligen und Open-Source-Datenbanken verwendet wird. Es sendet Befehle an den Server, um Benutzerinformationen offenzulegen. bitwallet nutzt die Eingabebereinigung, um die Ausf\u00fchrung b\u00f6swilliger Befehle zu verhindern. Die Daten werden in die nicht ausf\u00fchrbare SQL-Sprache ge\u00e4ndert.<\/p>\n\n\n\n<h6 class=\"wp-block-heading\"><strong>(3) Cross-Site Request Forgery<\/strong><\/h6>\n\n\n\n<p>Cross-Site Request Forgery ist ein Sicherheitsangriff, der Benutzer dazu zwingt, unerw\u00fcnschte Aktionen auszuf\u00fchren, die nicht authentifiziert sind. bitwallet verwendet gesicherte Codierung und WAF, um solche potenziell sch\u00e4dlichen Angriffe zu blockieren und gleichzeitig das Sicherheitssystem zu \u00fcberwachen.<\/p>\n\n\n\n<h6 class=\"wp-block-heading\"><strong>(4) Brute-Force-Angriff<\/strong><\/h6>\n\n\n\n<p>Bei einem Brute-Force-Angriff handelt es sich um eine Trial-and-Error-Methode zum Knacken von Passw\u00f6rtern, bei der verschiedene Passw\u00f6rter entschl\u00fcsselt werden, um gewaltsam in Ihr Konto einzudringen. Verwenden Sie ein sicheres Passwort und die Einstellung von 2FA, um Ihr Konto vor diesem Angriff zu sch\u00fctzen, da Ihr Konto nach einer begrenzten Anzahl von Versuchen gesperrt wird.<\/p>\n\n\n\n<h6 class=\"wp-block-heading\"><strong>(5) Passwortverschl\u00fcsselung<\/strong><\/h6>\n\n\n\n<p>Das von Ihnen eingegebene Passwort wird verschl\u00fcsselt und in der Datenbank gespeichert. Es wird ein Hashing-Prozess durchgef\u00fchrt, bei dem Salt zum Passwort hinzugef\u00fcgt wird, was das Lesen erschwert.<\/p>\n\n\n\n<h6 class=\"wp-block-heading\"><strong>(6) IP-Whitelisting<\/strong><\/h6>\n\n\n\n<p>Nur IP-Adressen auf der Whitelist k\u00f6nnen mit der Zahlungstransaktion bei bitwallet fortfahren. Die Nutzung und der Zugriff durch unbekannte IP-Adressen werden blockiert.<\/p>\n\n\n\n<h6 class=\"wp-block-heading\"><strong>2.5 Funktionspr\u00fcfung<\/strong><\/h6>\n\n\n\n<h6 class=\"wp-block-heading\"><strong>(1) Selfie-Einreichung<\/strong><\/h6>\n\n\n\n<p>Die Vorlage eines Ausweisdokuments, eines Nachweises der Wohnadresse und eines Selfies ist erforderlich. Selfie wurde von verschiedenen westlichen L\u00e4ndern zur Online-Identit\u00e4ts\u00fcberpr\u00fcfung \u00fcbernommen. Der \u00dcberpr\u00fcfungszweck eines solchen Verfahrens besteht darin, einen gef\u00e4lschten Identit\u00e4tsdiebstahl zu verhindern.<\/p>\n\n\n\n<h6 class=\"wp-block-heading\"><strong>(2) Mail- oder SMS-Authentifizierung<\/strong><\/h6>\n\n\n\n<p>Eine generierte ID wird Ihnen zur Authentifizierung per Post oder SMS zugesandt, wenn Sie das Kreditkartenlimit erh\u00f6hen m\u00f6chten. Die Authentifizierung wird abgeschlossen, sobald Sie innerhalb der vorgegebenen Zeit die ID eingegeben haben.<\/p>\n\n\n\n<h6 class=\"wp-block-heading\"><strong>(3) Best\u00e4tigung des Auszahlungsbankkontos<\/strong><\/h6>\n\n\n\n<p>Unser Team pr\u00fcft t\u00e4glich, ob falsche Kontoinformationen wie Bankname, Filialname und Kontonummer vorhanden sind.<\/p>\n\n\n\n<h6 class=\"wp-block-heading\"><strong>(4) Best\u00e4tigung des \u00dcberweisungskontos<\/strong><\/h6>\n\n\n\n<p>Alle Transaktionsinformationen werden vor dem Senden \u00fcberpr\u00fcft und k\u00f6nnen sich aufgrund der zus\u00e4tzlichen Zeit, die f\u00fcr die \u00dcberpr\u00fcfung erforderlich ist, verz\u00f6gern. Bitte geben Sie bei einer Bank\u00fcberweisung Ihre Kontoidentifikationsnummer (Konto-ID + 3 Ziffern) im Namen des \u00dcberweisenden an.<\/p>\n\n\n\n<h6 class=\"wp-block-heading\"><strong>(5) Outsourcing von Kontrollen auf unbefugte Nutzung<\/strong><\/h6>\n\n\n\n<p>Wir haben einen Outsourcing-Dienst beauftragt, die t\u00e4gliche Nutzung durch jeden Benutzer zu \u00fcberwachen und auf unbefugte Nutzung zu achten.<\/p>\n\n\n\n<h6 class=\"wp-block-heading\"><strong>(6) Widerrufs- und R\u00fcckerstattungsrichtlinien<\/strong><\/h6>\n\n\n\n<p>Um F\u00e4lle von Geldw\u00e4sche und Kreditkartenmissbrauch zu verhindern, \u00fcberpr\u00fcfen wir zun\u00e4chst manuell die bisherige Nutzungshistorie des Benutzers, bevor eine R\u00fcckerstattungs- und Auszahlungstransaktion durchgef\u00fchrt werden kann. Dies tr\u00e4gt dazu bei, Kartenbetrug rechtzeitig zu verhindern.<\/p>\n\n\n\n<h5 class=\"wp-block-heading\">3. Erkennen<\/h5>\n\n\n\n<h6 class=\"wp-block-heading\"><strong>(1) Serverpr\u00fcfung<\/strong><\/h6>\n\n\n\n<p>Sobald ein Fehler in unserem Server festgestellt wird, wird \u00fcber unsere geplante automatische Serverpr\u00fcfung ein Notruf aktiviert, der das gesamte System herunterf\u00e4hrt, um m\u00f6gliche Sch\u00e4den zu minimieren.<\/p>\n\n\n\n<h6 class=\"wp-block-heading\"><strong>(2) Datenbankverschl\u00fcsselung<\/strong><\/h6>\n\n\n\n<p>Ihre sensiblen Daten werden bei der Speicherung in unserer Datenbank alle verschl\u00fcsselt. Verschl\u00fcsselte Daten sind schwer zu entschl\u00fcsseln.<\/p>\n\n\n\n<h6 class=\"wp-block-heading\"><strong>(3) Unabh\u00e4ngiges Betrugserkennungssystem<\/strong><\/h6>\n\n\n\n<p>Eine \u00f6ffentliche Blockchain ist ein Netzwerk, das aus mehreren Knoten besteht. Es ist v\u00f6llig offen und jeder kann dem Netzwerk beitreten und daran teilnehmen. Der Knoten erfordert eine \u00dcberwachung seines Prozesses und seiner Leistung. bitwallet hat einen \u00dcberwachungsserver implementiert, der die Erfassung von Informationen zu jeder Notiz in Echtzeit erm\u00f6glicht und gleichzeitig das Protokoll speichert. Dies erm\u00f6glicht es uns, fr\u00fchzeitig erkannte unbefugte Zugriffe oder Transaktionen mithilfe der Validierung zwischen Knotentransaktionen zu \u00fcberpr\u00fcfen und Ma\u00dfnahmen zu ergreifen.<\/p>\n\n\n\n<h5 class=\"wp-block-heading\">4. Reagieren Sie<\/h5>\n\n\n\n<h6 class=\"wp-block-heading\"><strong>(1) Notfallpl\u00e4ne<\/strong><\/h6>\n\n\n\n<p>Zur Behebung von Sicherheitsm\u00e4ngeln sind Notfallpl\u00e4ne vorhanden. Gegenma\u00dfnahmen und Pr\u00e4vention werden durch umfangreiche szenariobasierte Herausforderungen, die Sicherheitsm\u00e4ngel nachahmen, effizient formuliert und ausgef\u00fchrt.<\/p>\n\n\n\n<h6 class=\"wp-block-heading\"><strong>(2) Vorfallanalyse<\/strong><\/h6>\n\n\n\n<p>bitwallet hat w\u00e4hrend des Entwicklungsprozesses zahlreiche Validierungstests und Analysen durchlaufen und wird nach der Ver\u00f6ffentlichung weiterhin Sicherheits\u00fcberpr\u00fcfungen durchf\u00fchren. Sollte bei der \u00dcberpr\u00fcfung eine Sicherheitsl\u00fccke entdeckt werden, wird das Team daran arbeiten, das Problem schnell zu lokalisieren und zu beheben.<\/p>\n\n\n\n<h5 class=\"wp-block-heading\">5. Erholen<\/h5>\n\n\n\n<h6 class=\"wp-block-heading\"><strong>(1) Wiederherstellungspl\u00e4ne<\/strong><\/h6>\n\n\n\n<p>Zur Behebung von Sicherheitsm\u00e4ngeln sind Wiederherstellungspl\u00e4ne vorhanden, die auf der Grundlage der ausf\u00fchrlichen und detaillierten Schritte im Fehlerbehebungshandbuch ausgef\u00fchrt werden, die eine schnellere Wiederherstellung erm\u00f6glichen.<\/p>\n\n\n\n<h6 class=\"wp-block-heading\"><strong>(2) Das Ingenieurteam arbeitet st\u00e4ndig an der Verbesserung der Stabilit\u00e4t und der Formulierung von L\u00f6sungen f\u00fcr neue Risiken<\/strong><\/h6>\n\n\n\n<p>Das bitwallet-Team besteht aus Verschl\u00fcsselungsspezialisten, Fachleuten und erfahrenen Ingenieuren, die unerwartete Risiken mit der neuesten Technologie bek\u00e4mpfen.<\/p>\n\n\n\n<h6 class=\"wp-block-heading\"><strong>(3) Verbessern Sie den Sicherheitsreaktionsprozess<\/strong><\/h6>\n\n\n\n<p>Im Falle eines gemeinsamen Sicherheitsversagens mehrerer Unternehmen werden die Informationen gespeichert und zur gemeinsamen Nutzung archiviert, um die Datenkorrespondenz zu verbessern. Dar\u00fcber hinaus wird der Reaktionsprozess zur Bew\u00e4ltigung von Sicherheitsverst\u00f6\u00dfen st\u00e4ndig \u00fcberpr\u00fcft und verbessert.<\/p>\n\n\n\n<h4 class=\"wp-block-heading\"><strong>Die Implementierungsebenen<\/strong><\/h4>\n\n\n\n<p>Die Stufen spiegeln wider, wie eine Organisation die Kernfunktionen umsetzt und ihr Risiko verwaltet. bitwallet zielt darauf ab, die h\u00f6chste Stufe mit verbessertem Verwaltungsprozess zu erreichen.<\/p>\n\n\n\n<h5 class=\"wp-block-heading\">1. Risikomanagementprozess<\/h5>\n\n\n\n<p>Bei bitwallet werden Sicherheitsrisikomanagementma\u00dfnahmen vom Management genehmigt und als Richtlinie festgelegt. Unser Team wird sich mit Sicherheitsma\u00dfnahmen mit h\u00f6chster Priorit\u00e4t befassen.<\/p>\n\n\n\n<h5 class=\"wp-block-heading\">2. Integriertes Risikomanagementprogramm<\/h5>\n\n\n\n<p>Alle Mitarbeiter von bitwallet beteiligen sich am Risikomanagement im Zusammenhang mit Cybersicherheitsinformationen.<\/p>\n\n\n\n<h4 class=\"wp-block-heading\"><strong>Rahmenprofil<\/strong><\/h4>\n\n\n\n<p>Das Profil, das bitwallet dabei hilft, eine Roadmap zur Reduzierung des Cybersicherheitsrisikos zu erstellen und unseren aktuellen Zustand, den gew\u00fcnschten Zielzustand und den Risikomanagementprozess zu beschreiben.<\/p>\n\n\n\n<p>bitwallet basiert auf der United States Executive Order \u2013 \u201eFramework for Improving Critical Infrastructure Cybersecurity\u201c und vereint Best Practices der Branche aus internationaler Sicht.<\/p>\n\n\n\n<hr class=\"wp-block-separator has-alpha-channel-opacity\"\/>\n\n\n\n<p>Zus\u00e4tzliche Klauseln<\/p>\n\n\n\n<p>Die angezeigte Geb\u00fchr gilt ab dem 1. Juli 2018.<\/p>\n\n\n\n<p>Revision<\/p>\n\n\n\n<p>Die 2.5 Operational Check (1) Selfie Submission wurde am 1. August 2018 \u00fcberarbeitet.<br>Der 1. Name wurde am 21. Januar 2022 \u00fcberarbeitet.<\/p>\n<\/div>\n\n\n\n<div class=\"wp-block-cover alignwide is-light help\"><span aria-hidden=\"true\" class=\"wp-block-cover__background has-background-dim-0 has-background-dim\"><\/span><img loading=\"lazy\" decoding=\"async\" width=\"2048\" height=\"336\" class=\"wp-block-cover__image-background wp-image-289\" alt=\"\" src=\"https:\/\/bitwallet.com\/wp-content\/uploads\/2023\/06\/mv-support-jpg.webp\" style=\"object-position:50% 50%\" data-object-fit=\"cover\" data-object-position=\"50% 50%\"\/><div class=\"wp-block-cover__inner-container has-global-padding is-layout-constrained wp-block-cover-is-layout-constrained\">\n<p class=\"has-large-font-size translation-block\"><strong>Brauchst du Hilfe?<\/strong><br> <strong>Wir sind hier, um zu helfen.<\/strong><\/p>\n\n\n\n<p class=\"translation-block\">Unser Support-Team steht Ihnen gerne zur Verf\u00fcgung.<br> Kontaktieren Sie uns, wenn Sie Fragen zu unseren Dienstleistungen haben.<\/p>\n\n\n\n<div class=\"wp-block-buttons is-layout-flex wp-block-buttons-is-layout-flex\">\n<div class=\"wp-block-button\"><a class=\"wp-block-button__link wp-element-button\" href=\"\/de\/support\/contact\/\">Kontaktiere uns<\/a><\/div>\n<\/div>\n<\/div><\/div>","protected":false},"excerpt":{"rendered":"<p>bitwallet-Sicherheitsma\u00dfnahmen bitwallet (Bitwallet Service Group) ist ein f\u00fchrender Zahlungsdienstleister, der sowohl online als auch offline ein hohes Ma\u00df an Sicherheit bietet, um die Gelder der Kunden auf unserer Plattform sicher aufzubewahren. Unsere Mission ist es, kontinuierlich nach Sicherheitsverbesserungen zu streben und gleichzeitig allen Benutzern ein intuitives Browsing-Erlebnis zu bieten. Das Team ist davon \u00fcberzeugt, dass durch die Schaffung einer besseren Sicherheit auf unserer Plattform das Vertrauen zwischen unseren Kunden und uns gest\u00e4rkt wird. Unser Team nimmt Sicherheitsma\u00dfnahmen gegen Betrug und unbefugte Nutzung ernst. Vorschriften wie AML (Anti-Geldw\u00e4sche), KYC (Know Your Customer Identity Verification) usw. wurden implementiert, um internationale Compliance-Standards auf unserer Plattform sicherzustellen. Sehen Sie sich die\u2026<\/p>","protected":false},"author":5,"featured_media":0,"parent":32,"menu_order":21,"comment_status":"closed","ping_status":"closed","template":"","meta":{"footnotes":""},"class_list":["post-927","page","type-page","status-publish","hentry"],"_links":{"self":[{"href":"https:\/\/bitwallet.com\/de\/wp-json\/wp\/v2\/pages\/927","targetHints":{"allow":["GET"]}}],"collection":[{"href":"https:\/\/bitwallet.com\/de\/wp-json\/wp\/v2\/pages"}],"about":[{"href":"https:\/\/bitwallet.com\/de\/wp-json\/wp\/v2\/types\/page"}],"author":[{"embeddable":true,"href":"https:\/\/bitwallet.com\/de\/wp-json\/wp\/v2\/users\/5"}],"replies":[{"embeddable":true,"href":"https:\/\/bitwallet.com\/de\/wp-json\/wp\/v2\/comments?post=927"}],"version-history":[{"count":26,"href":"https:\/\/bitwallet.com\/de\/wp-json\/wp\/v2\/pages\/927\/revisions"}],"predecessor-version":[{"id":4648,"href":"https:\/\/bitwallet.com\/de\/wp-json\/wp\/v2\/pages\/927\/revisions\/4648"}],"up":[{"embeddable":true,"href":"https:\/\/bitwallet.com\/de\/wp-json\/wp\/v2\/pages\/32"}],"wp:attachment":[{"href":"https:\/\/bitwallet.com\/de\/wp-json\/wp\/v2\/media?parent=927"}],"curies":[{"name":"wp","href":"https:\/\/api.w.org\/{rel}","templated":true}]}}