{"id":80,"date":"2023-05-10T16:18:02","date_gmt":"2023-05-10T07:18:02","guid":{"rendered":"https:\/\/bitwallet.com\/?page_id=80"},"modified":"2026-01-08T10:28:41","modified_gmt":"2026-01-08T01:28:41","slug":"handling-fee","status":"publish","type":"page","link":"https:\/\/bitwallet.com\/de\/service\/handling-fee\/","title":{"rendered":"Alle Geb\u00fchren"},"content":{"rendered":"<div class=\"wp-block-cover alignwide header\"><img loading=\"lazy\" decoding=\"async\" width=\"2000\" height=\"360\" class=\"wp-block-cover__image-background wp-image-92\" alt=\"\" src=\"https:\/\/bitwallet.com\/wp-content\/uploads\/2023\/05\/handlingfee_visual01-jpg.webp\" data-object-fit=\"cover\"\/><span aria-hidden=\"true\" class=\"wp-block-cover__background has-black-background-color has-background-dim-0 has-background-dim\"><\/span><div class=\"wp-block-cover__inner-container has-global-padding is-layout-constrained wp-block-cover-is-layout-constrained\">\n<h1 class=\"wp-block-heading has-text-align-left effect00\">Alle Geb\u00fchren<\/h1>\n\n\n\n<p class=\"effect00 fadeTimeA\">Liste der anfallenden Geb\u00fchren<\/p>\n<\/div><\/div>\n\n\n\n<h2 class=\"wp-block-heading effect00\">Geb\u00fchren f\u00fcr verschiedene Kontotypen<\/h2>\n\n\n\n<p>Bei der Nutzung unserer bitwallet-Dienste fallen je nach Kontotyp (Privat-, Gesch\u00e4fts- und H\u00e4ndlerkonto) die folgenden Geb\u00fchren an.<\/p>\n\n\n\n<div class=\"wp-block-group box effect00 fadeTimeB has-global-padding is-layout-constrained wp-block-group-is-layout-constrained\">\n<h3 class=\"wp-block-heading\">Liste der geltenden Geb\u00fchren<\/h3>\n\n\n\n<h4 class=\"wp-block-heading only-en\">ZAHLUNG VORBEREITEN<\/h4>\n\n\n\n<h4 class=\"wp-block-heading only-ja\">\u304a\u652f\u6255\u6e96\u5099<\/h4>\n\n\n\n<div class=\"wp-block-group tblScrl has-global-padding is-layout-constrained wp-block-group-is-layout-constrained\">\n<table style=\"width: 100%; height: 64px;\">\n<tbody>\n<tr style=\"height: 41px;\">\n<th class=\"w30p\" style=\"height: 41px;\"><span class=\"only-en\">Methode<\/span><span class=\"only-ja\">Bedeutung<span><\/th>\n<th class=\"w20p\" style=\"height: 41px;\">Kanal<\/th>\n<th class=\"w25p bl translation-block\" style=\"height: 41px;\">Privat\/Gesch\u00e4ftlich<br> Konto<\/th>\n<th class=\"w25p bl translation-block\" style=\"height: 41px;\">H\u00e4ndler<br> Konto<\/th>\n<\/tr>\n<tr style=\"height: 23px;\">\n<td style=\"height: 23px;\" class=\"translation-block\">Bank\u00fcberweisung <sub>(\u203b1)<\/sub><\/td>\n<td style=\"height: 23px;\" class=\"translation-block\">\u00fcber verschiedene lokale Banken <sub>(\u203b2)<\/sub><\/td>\n<td style=\"height: 23px;\" colspan=\"2\">Ab $0 je nach Land<sub>(\u203b2)<\/sub><\/td>\n<\/tr>\n<\/tbody>\n<\/table>\n<\/div>\n\n\n\n<ul class=\"wp-block-list note kome\">\n<li>F\u00fcr Bank\u00fcberweisungen oder Zwischen\u00fcberweisungen fallen Zuschl\u00e4ge an.<\/li>\n\n\n\n<li>Weitere Informationen erhalten Sie, wenn Sie sich in Ihrem Konto anmelden.<\/li>\n<\/ul>\n\n\n\n<h4 class=\"wp-block-heading only-en\">ZAHLUNG<\/h4>\n\n\n\n<h4 class=\"wp-block-heading only-ja\">\u304a\u652f\u6255<\/h4>\n\n\n\n<div class=\"wp-block-group tblScrl has-global-padding is-layout-constrained wp-block-group-is-layout-constrained\">\n<table style=\"width: 100%; height: 128px;\">\n<tbody>\n<tr style=\"height: 20px;\">\n<th class=\"w30p\" style=\"height: 20px;\">Methode<\/th>\n<th class=\"w20p\" style=\"height: 20px;\">Marke\/W\u00e4hrung<\/th>\n<th class=\"w25p bl translation-block\" style=\"height: 20px;\">Privat\/Gesch\u00e4ftlich<br> Konto<\/th>\n<th class=\"w25p bl translation-block\" style=\"height: 20px;\">H\u00e4ndler<br> Konto<\/th>\n<\/tr>\n<tr style=\"height: 88px;\">\n<td style=\"height: 88px;\">bitwallet Zahlung<\/td>\n<td style=\"height: 88px;\">Alle verf\u00fcgbaren W\u00e4hrungen<\/td>\n<td style=\"height: 88px;\" colspan=\"2\">\n<p>Schon ab $0<\/p>\n<\/td>\n<\/tr>\n<tr style=\"height: 20px;\">\n<td style=\"height: 20px;\">Kredit-\/Debitkarte<\/td>\n<td style=\"height: 20px;\">Alle wichtigen Karten<\/td>\n<td style=\"height: 20px;\" colspan=\"2\">Abh\u00e4ngig von der Kartenmarke<\/td>\n<\/tr>\n<\/tbody>\n<\/table>\n<\/div>\n\n\n\n<h4 class=\"wp-block-heading only-en\">ZAHLUNG ERHALTEN<\/h4>\n\n\n\n<h4 class=\"wp-block-heading only-ja\">\u304a\u53d7\u53d6<\/h4>\n\n\n\n<div class=\"wp-block-group tblScrl has-global-padding is-layout-constrained wp-block-group-is-layout-constrained\">\n<table style=\"width: 100%; height: 222px;\">\n<tbody>\n<tr style=\"height: 62px;\">\n<th class=\"w30p\" style=\"height: 62px;\">Methode<\/th>\n<th class=\"w20p\" style=\"height: 62px;\"><span class=\"only-en\">W\u00e4hrung<\/span><span class=\"only-ja\">\u901a\u8ca8<\/span><\/th>\n<th class=\"w30p\" style=\"height: 62px;\">Geb\u00fchr<\/th>\n<th class=\"w20p\" style=\"height: 62px;\"><span class=\"only-en\">Minimum<br>Zahlung<br>Menge<\/span><span class=\"only-ja\">\u304a\u53d7\u53d6\u6700\u4f4e\u91d1\u984d<\/span><\/th>\n<\/tr>\n<tr style=\"height: 20px;\">\n<td style=\"height: 80px;\" rowspan=\"4\" class=\"translation-block\">\u00dcberweisung f\u00fcr<br> Einzelpersonen<br> <sub>(\u203b1)<\/sub><\/td>\n<td style=\"height: 20px;\">USD<\/td>\n<td style=\"height: 80px;\" rowspan=\"4\" class=\"translation-block\">USD 10 oder gleichwertige Menge je nach Land <sub>\uff08\u203b2\uff09<\/sub><\/td>\n<td style=\"height: 20px;\">USD 10<\/td>\n<\/tr>\n<tr style=\"height: 20px;\">\n<td class=\"notfC\" style=\"height: 20px;\">EUR<\/td>\n<td style=\"height: 20px;\">EUR 10<\/td>\n<\/tr>\n<tr style=\"height: 20px;\">\n<td class=\"notfC\" style=\"height: 20px;\">JPY<\/td>\n<td style=\"height: 20px;\">JPY 1.000<\/td>\n<\/tr>\n<tr style=\"height: 20px;\">\n<td class=\"notfC\" style=\"height: 20px;\">AUD<\/td>\n<td style=\"height: 20px;\">AUD 10<\/td>\n<\/tr>\n<tr style=\"height: 20px;\">\n<td class=\"lRfC translation-block\" style=\"height: 80px;\" rowspan=\"4\">Bank\u00fcberweisung<br> f\u00fcr Unternehmen <sub>(\u203b1)<\/sub><\/td>\n<td style=\"height: 20px;\">USD<\/td>\n<td style=\"height: 80px;\" rowspan=\"4\" class=\"translation-block\">Ab 0,81 TP19T, abh\u00e4ngig von der Gesch\u00e4ftsart <sub>\uff08\u203b2\uff09<\/sub> &amp; <sub>\uff08\u203b3\uff09<\/sub><\/td>\n<td style=\"height: 20px;\">USD 10<\/td>\n<\/tr>\n<tr style=\"height: 20px;\">\n<td class=\"notfC\" style=\"height: 20px;\">EUR<\/td>\n<td style=\"height: 20px;\">EUR 10<\/td>\n<\/tr>\n<tr style=\"height: 20px;\">\n<td class=\"notfC\" style=\"height: 20px;\">JPY<\/td>\n<td style=\"height: 20px;\">JPY 1.000<\/td>\n<\/tr>\n<tr style=\"height: 20px;\">\n<td class=\"notfC\" style=\"height: 20px;\">AUD<\/td>\n<td style=\"height: 20px;\">AUD 10<\/td>\n<\/tr>\n<\/tbody>\n<\/table>\n<\/div>\n\n\n\n<ul class=\"wp-block-list note kome\">\n<li>F\u00fcr Bank\u00fcberweisungen oder Zwischen\u00fcberweisungen fallen Zuschl\u00e4ge an.<\/li>\n\n\n\n<li>Weitere Informationen erhalten Sie, wenn Sie sich in Ihrem Konto anmelden.<\/li>\n\n\n\n<li>F\u00fcr die Geb\u00fchren f\u00fcr Gesch\u00e4ftskonten und H\u00e4ndlerkonten senden Sie uns bitte eine Anfrage, nachdem Sie sich in Ihrem Konto angemeldet haben.<\/li>\n\n\n\n<li class=\"only-ja nothonyaku\" data-no-translation=\"\">\u53d7\u53d6\u9280\u884c\u307e\u305f\u306f\u4e2d\u7d99\u9280\u884c\u306b\u3088\u3063\u3066\u306f10\u65e5\u4ee5\u4e0a\u304b\u304b\u308b\u5834\u5408\u3082\u3054\u3056\u3044\u307e\u3059\u3002<\/li>\n\n\n\n<li class=\"nonum\">Um Betrug wie Geldw\u00e4sche, Missbrauch von Kreditkarten und Barvorsch\u00fcssen zu verhindern, werden Zahlungen und Einzahlungen per Kreditkarte und Prepaid-Karte innerhalb eines Monats sorgf\u00e4ltig gepr\u00fcft und nach Ermessen von bitwallet auf das Bankkonto des Empf\u00e4ngers \u00fcberwiesen. F\u00fcr die Bearbeitung kann zus\u00e4tzliche Zeit erforderlich sein.<\/li>\n\n\n\n<li class=\"nonum translation-block\">Geld\u00fcberweisungen an Banken in den folgenden L\u00e4ndern, in denen Geldtransfers verboten sind, sind nicht m\u00f6glich.<br> Einige L\u00e4nder, die nicht auf dieser Liste stehen, werden im Einzelfall gepr\u00fcft.<br> Afghanistan, Benin, Bonaire, Burundi, Zentralafrikanische Republik, Tschad, Kongo, Krim, Kuba, Dschibuti, \u00c4quatorialguinea, Eritrea, Gabun, Gambia, Guinea, Guinea-Bissau, Guyana, Iran, Irak, Kasachstan, Kirgisistan, Demokratische Volksrepublik Laos, Liberia, Libyen, Madagaskar, Malawi, Mali, Mauretanien, Montserrat, Myanmar, Nauru, Niger, Norfolk Insel, Nordkorea, Palau, Papua-Neuguinea, Insel St. Barth\u00e9lemy, St. Kitts und Nevis, St. Martin, Insel Sint Maarten, Sierra Leone, Sudan (Nord und S\u00fcd), Suriname, Syrien, Tadschikistan, Osttimor, Togo, Turkmenistan, Usbekistan, Westsahara, Jemen, Russland, Peru, S\u00fcdafrika, Bangladesch, Georgien<\/li>\n<\/ul>\n\n\n\n<h4 class=\"wp-block-heading only-en\">AUSTAUSCH<\/h4>\n\n\n\n<h4 class=\"wp-block-heading only-ja\">\u4e21\u66ff<\/h4>\n\n\n\n<div class=\"wp-block-group tblScrl has-global-padding is-layout-constrained wp-block-group-is-layout-constrained\">\n<table style=\"width: 100%; height: 61px;\">\n<tbody>\n<tr style=\"height: 41px;\">\n<th class=\"w50p\" style=\"height: 41px;\">Methode<\/th>\n<th class=\"w25p bl translation-block\" style=\"height: 41px;\">Privat\/Gesch\u00e4ftlich<br> Konto<\/th>\n<th class=\"w25p bl translation-block\" style=\"height: 41px;\">H\u00e4ndler<br> Konto<\/th>\n<\/tr>\n<tr style=\"height: 20px;\">\n<td style=\"height: 20px;\">Geldwechsel<\/td>\n<td style=\"height: 20px;\" colspan=\"2\">Sehen Sie sich den Wechselkurs an, nachdem Sie sich bei Ihrem Konto angemeldet haben<\/td>\n<\/tr>\n<\/tbody>\n<\/table>\n<\/div>\n<\/div>\n\n\n\n<div class=\"wp-block-cover alignwide is-light help\"><span aria-hidden=\"true\" class=\"wp-block-cover__background has-background-dim-0 has-background-dim\"><\/span><img loading=\"lazy\" decoding=\"async\" width=\"2048\" height=\"336\" class=\"wp-block-cover__image-background wp-image-289\" alt=\"\" src=\"https:\/\/bitwallet.com\/wp-content\/uploads\/2023\/06\/mv-support-jpg.webp\" style=\"object-position:50% 50%\" data-object-fit=\"cover\" data-object-position=\"50% 50%\"\/><div class=\"wp-block-cover__inner-container has-global-padding is-layout-constrained wp-block-cover-is-layout-constrained\">\n<p class=\"has-large-font-size translation-block\"><strong>Brauchst du Hilfe?<\/strong><br> <strong>Wir sind hier, um zu helfen.<\/strong><\/p>\n\n\n\n<p class=\"translation-block\">Unser Support-Team steht Ihnen gerne zur Verf\u00fcgung.<br> Kontaktieren Sie uns, wenn Sie Fragen zu unseren Dienstleistungen haben.<\/p>\n\n\n\n<div class=\"wp-block-buttons is-layout-flex wp-block-buttons-is-layout-flex\">\n<div class=\"wp-block-button\"><a class=\"wp-block-button__link wp-element-button\" href=\"\/de\/support\/contact\/\">Kontaktiere uns<\/a><\/div>\n<\/div>\n<\/div><\/div>","protected":false},"excerpt":{"rendered":"<p>Transparente und g\u00fcnstige Bearbeitungsgeb\u00fchren mit bitwallet. Er\u00f6ffnen Sie noch heute ein kostenloses Konto! Erleben Sie zuverl\u00e4ssigen Service mit bitwallet.<\/p>","protected":false},"author":5,"featured_media":0,"parent":32,"menu_order":27,"comment_status":"closed","ping_status":"closed","template":"","meta":{"footnotes":""},"class_list":["post-80","page","type-page","status-publish","hentry"],"_links":{"self":[{"href":"https:\/\/bitwallet.com\/de\/wp-json\/wp\/v2\/pages\/80","targetHints":{"allow":["GET"]}}],"collection":[{"href":"https:\/\/bitwallet.com\/de\/wp-json\/wp\/v2\/pages"}],"about":[{"href":"https:\/\/bitwallet.com\/de\/wp-json\/wp\/v2\/types\/page"}],"author":[{"embeddable":true,"href":"https:\/\/bitwallet.com\/de\/wp-json\/wp\/v2\/users\/5"}],"replies":[{"embeddable":true,"href":"https:\/\/bitwallet.com\/de\/wp-json\/wp\/v2\/comments?post=80"}],"version-history":[{"count":97,"href":"https:\/\/bitwallet.com\/de\/wp-json\/wp\/v2\/pages\/80\/revisions"}],"predecessor-version":[{"id":5764,"href":"https:\/\/bitwallet.com\/de\/wp-json\/wp\/v2\/pages\/80\/revisions\/5764"}],"up":[{"embeddable":true,"href":"https:\/\/bitwallet.com\/de\/wp-json\/wp\/v2\/pages\/32"}],"wp:attachment":[{"href":"https:\/\/bitwallet.com\/de\/wp-json\/wp\/v2\/media?parent=80"}],"curies":[{"name":"wp","href":"https:\/\/api.w.org\/{rel}","templated":true}]}}