{"id":78,"date":"2023-05-10T16:14:10","date_gmt":"2023-05-10T07:14:10","guid":{"rendered":"https:\/\/bitwallet.com\/?page_id=78"},"modified":"2025-09-17T16:28:16","modified_gmt":"2025-09-17T07:28:16","slug":"account-open","status":"publish","type":"page","link":"https:\/\/bitwallet.com\/de\/service\/account-open\/","title":{"rendered":"Neues Konto"},"content":{"rendered":"<div class=\"wp-block-cover alignwide is-light header\"><img loading=\"lazy\" decoding=\"async\" width=\"2000\" height=\"360\" class=\"wp-block-cover__image-background wp-image-1125\" alt=\"\" src=\"https:\/\/bitwallet.com\/wp-content\/uploads\/2023\/09\/mv-serivice_account-open-jpg.webp\" data-object-fit=\"cover\"\/><span aria-hidden=\"true\" class=\"wp-block-cover__background has-black-background-color has-background-dim-0 has-background-dim\"><\/span><div class=\"wp-block-cover__inner-container has-global-padding is-layout-constrained wp-block-cover-is-layout-constrained\">\n<h1 class=\"wp-block-heading has-text-align-left effect00\">Neues Konto<\/h1>\n\n\n\n<p class=\"effect00 fadeTimeA\">bitwallet-Kontoregistrierung<\/p>\n<\/div><\/div>\n\n\n\n<h2 class=\"wp-block-heading effect00\">Er\u00f6ffnen Sie ein Konto bei bitwallet: Die Grundvoraussetzung<\/h2>\n\n\n\n<p class=\"effect00 fadeTimeA\">F\u00fcr die Beantragung eines bitwallet-Kontos m\u00fcssen Sie die folgenden Anforderungen befolgen.<\/p>\n\n\n\n<div class=\"wp-block-group effect00 fadeTimeB has-global-padding is-layout-constrained wp-block-group-is-layout-constrained\">\n<h4 class=\"wp-block-heading\">Pers\u00f6nlicher Kontoantrag<\/h4>\n\n\n\n<ul class=\"wp-block-list account-open\">\n<li>Der Bewerber ist mindestens 20 Jahre alt.<\/li>\n\n\n\n<li>Der Antragsteller ist keine Person, der es an der F\u00e4higkeit mangelt, eigene Entscheidungen zu treffen.<\/li>\n\n\n\n<li>Der Antragsteller hat seinen Wohnsitz nicht in den USA oder anderen L\u00e4ndern, in denen die Nutzung unseres Dienstes eingeschr\u00e4nkt ist.<\/li>\n\n\n\n<li>Die von Ihnen registrierten Basisinformationen stimmen nicht mit denen anderer Benutzer \u00fcberein<\/li>\n\n\n\n<li>Der Antragsteller ist keine ausl\u00e4ndische politisch exponierte Person (ausl\u00e4ndische PEP).<\/li>\n\n\n\n<li>Der Antragsteller geh\u00f6rt den Antisozialen Kr\u00e4ften nicht an oder steht mit ihnen in Verbindung.<\/li>\n<\/ul>\n\n\n\n<h4 class=\"wp-block-heading\">Antrag auf Gesch\u00e4ftskonto<\/h4>\n\n\n\n<ul class=\"wp-block-list account-open\">\n<li>Das Unternehmen ist rechtsg\u00fcltig registriert und kann den Nachweis (Dokument) dem Support vorlegen.<\/li>\n\n\n\n<li>Die verantwortliche Person ist zum Zeitpunkt der Bewerbung mindestens 20 Jahre alt.<\/li>\n\n\n\n<li>Die verantwortliche Person ist keine Person, der es an Kapazit\u00e4ten mangelt (die in der Lage ist, eigene Entscheidungen zu treffen).<\/li>\n\n\n\n<li>Die verantwortliche Person hat keinen Wohnsitz in den USA oder anderen L\u00e4ndern, in denen die Nutzung unseres Dienstes eingeschr\u00e4nkt ist.<\/li>\n\n\n\n<li>Die verantwortliche Person befindet sich nicht physisch in den USA oder anderen L\u00e4ndern, in denen die Nutzung unseres Dienstes eingeschr\u00e4nkt ist.<\/li>\n\n\n\n<li>Der Verantwortliche verwendet bei der Registrierung keine identischen Kontaktinformationen (E-Mail-Adresse, Telefonnummer usw.) wie andere bitwallet-Benutzer.<\/li>\n\n\n\n<li>Bei der verantwortlichen Person handelt es sich nicht um eine ausl\u00e4ndische politisch exponierte Person (ausl\u00e4ndische PEP).<\/li>\n\n\n\n<li>Das Unternehmen und die verantwortliche Person geh\u00f6ren nicht den Asozialen Kr\u00e4ften an oder stehen mit ihnen in Verbindung.<\/li>\n\n\n\n<li>Das Unternehmen steht nicht vor der Insolvenz oder ist zahlungsunf\u00e4hig.<\/li>\n<\/ul>\n<\/div>\n\n\n\n<h2 class=\"wp-block-heading effect01\" id=\"certificate\">F\u00fcr ein Wallet-Konto erforderliche Dokumente<\/h2>\n\n\n\n<p class=\"effect01 fadeTimeA\">Um Ihr Wallet nutzen zu k\u00f6nnen, m\u00fcssen Sie die unten aufgef\u00fchrten erforderlichen Dokumente einreichen.<\/p>\n\n\n\n<div class=\"wp-block-group box effect01 fadeTimeB has-global-padding is-layout-constrained wp-block-group-is-layout-constrained\">\n<h3 class=\"wp-block-heading\">\u00dcberpr\u00fcfen Sie Ihre Identit\u00e4t auf bitwallet: Die Dokumentenanforderung<\/h3>\n\n\n\n<p>Gem\u00e4\u00df dem \u201eGesetz zur Verhinderung der \u00dcbertragung von Ertr\u00e4gen aus Straftaten\u201c erfordert bitwallet eine gr\u00fcndliche Identit\u00e4tspr\u00fcfung, um Ihre wertvollen Verm\u00f6genswerte zu sch\u00fctzen. Daher bitten wir Sie, Ihr \u201eIdentit\u00e4tsverifizierungsdokument\u201c und Ihr \u201eAktuelles Adressverifizierungsdokument\u201c einzureichen.<\/p>\n\n\n\n<hr class=\"wp-block-separator has-alpha-channel-opacity\"\/>\n\n\n\n<p>Einen \u00dcberblick \u00fcber die Listenzertifikate, die Sie einreichen m\u00fcssen, finden Sie in der folgenden Liste.<br>Sie k\u00f6nnen die Details der eingereichten Materialien in Ihrem Konto \u00fcberpr\u00fcfen, nachdem Sie ein neues Wallet er\u00f6ffnet haben.<\/p>\n\n\n\n<hr class=\"wp-block-separator has-alpha-channel-opacity\"\/>\n\n\n\n<h4 class=\"wp-block-heading\">1\uff0e Dokumente zur Identit\u00e4tspr\u00fcfung<\/h4>\n\n\n\n<p>Wir werden Sie bitten, einen Lichtbildausweis der Person, die das Portemonnaie registriert (Einzelperson), und ein Selfie (Gesichtserkennung) einzureichen.<\/p>\n\n\n\n<p>Wir haben Selfies (Gesichtserkennung) eingef\u00fchrt, um Ihre Einreichung zu best\u00e4tigen. Dadurch k\u00f6nnen Sie sich selbst online besser identifizieren als von Angesicht zu Angesicht.<\/p>\n\n\n\n<hr class=\"wp-block-separator has-alpha-channel-opacity\"\/>\n\n\n\n<h4 class=\"wp-block-heading\">2\uff0e Nachweis der aktuellen Adresse<\/h4>\n\n\n\n<p>Bitte reichen Sie ein Dokument mit der aktuellen Adresse des Wallet-Gr\u00fcnders (Einzelperson) ein.<br>Es muss innerhalb von 3 Monaten nach Rechnungen \u00f6ffentlicher Versorgungsbetriebe, Quittungen, von Regierungsstellen ausgestellten Materialien usw. vorliegen.<\/p>\n\n\n\n<hr class=\"wp-block-separator has-alpha-channel-opacity\"\/>\n\n\n\n<h4 class=\"wp-block-heading anchor\" id=\"company01\">3. Erforderliche Dokumente f\u00fcr Gesch\u00e4ftsbenutzer (nur Gesch\u00e4ftskonto)<\/h4>\n\n\n\n<p>Wir bitten Sie, Unterlagen zur Unternehmensregistrierung des Wallet-Gr\u00fcnders (Corporate) einzureichen.<\/p>\n\n\n\n<hr class=\"wp-block-separator has-alpha-channel-opacity\"\/>\n\n\n\n<h4 class=\"wp-block-heading\">4. Zertifikate mit Dienstsiegel (nur Gesch\u00e4ftskonto)<\/h4>\n\n\n\n<p>Bitte reichen Sie die Best\u00e4tigungsmaterialien f\u00fcr das Unternehmenssiegel des Wallet-Gr\u00fcnders (Unternehmens) ein.<\/p>\n\n\n\n<hr class=\"wp-block-separator has-alpha-channel-opacity\"\/>\n\n\n\n<h4 class=\"wp-block-heading\">5. Nachweis der aktuellen Firmenadresse (Gesch\u00e4ftskonto)<\/h4>\n\n\n\n<p>Bitte reichen Sie ein Dokument mit dem Namen des Wallet-Gr\u00fcnders (Unternehmen) und seiner aktuellen Adresse ein.<\/p>\n\n\n\n<hr class=\"wp-block-separator has-alpha-channel-opacity\"\/>\n\n\n\n<h4 class=\"wp-block-heading\">6\uff0e Erkl\u00e4rung zum wirtschaftlichen Eigentum (nur f\u00fcr Gesch\u00e4ftskonto)<\/h4>\n\n\n\n<p>Wir bitten Sie, mehrere Unterlagen zum materiellen Herrscher einzureichen.<\/p>\n<\/div>\n\n\n\n<h2 class=\"wp-block-heading effect01\">Kontoregistrierung<\/h2>\n\n\n\n<p class=\"effect01 fadeTimeA\">Der Registrierungsprozess f\u00fcr ein bitwallet-Konto ist wie folgt:<\/p>\n\n\n\n<div class=\"wp-block-group box account-open effect01 fadeTimeB has-global-padding is-layout-constrained wp-block-group-is-layout-constrained\">\n<h3 class=\"wp-block-heading\">Kontoregistrierungsprozess<\/h3>\n\n\n\n<div class=\"wp-block-group has-global-padding is-layout-constrained wp-block-group-is-layout-constrained\">\n<h4 class=\"wp-block-heading\"><strong>SCHRITT 1<\/strong><\/h4>\n\n\n\n<figure class=\"wp-block-image size-full\"><img loading=\"lazy\" decoding=\"async\" width=\"321\" height=\"321\" src=\"https:\/\/bitwallet.com\/wp-content\/uploads\/2023\/06\/icon_step1.png\" alt=\"\" class=\"wp-image-190\"\/><\/figure>\n\n\n\n<p>Registrieren Sie sich von jedem Ger\u00e4t aus. Geben Sie auf der Registrierungsseite Ihre Basisinformationen ein, um loszulegen.<\/p>\n\n\n\n<figure class=\"wp-block-image size-full is-resized\"><img loading=\"lazy\" decoding=\"async\" width=\"1440\" height=\"886\" src=\"https:\/\/bitwallet.com\/wp-content\/uploads\/2024\/01\/STEP1en.webp\" alt=\"\" class=\"wp-image-3134\" style=\"width:1000px;height:undefinedpx\"\/><\/figure>\n<\/div>\n\n\n\n<div class=\"wp-block-group has-global-padding is-layout-constrained wp-block-group-is-layout-constrained\">\n<h4 class=\"wp-block-heading\"><strong>SCHRITT 2<\/strong><\/h4>\n\n\n\n<figure class=\"wp-block-image size-full\"><img loading=\"lazy\" decoding=\"async\" width=\"321\" height=\"321\" src=\"https:\/\/bitwallet.com\/wp-content\/uploads\/2023\/06\/icon_step2.png\" alt=\"\" class=\"wp-image-191\"\/><\/figure>\n\n\n\n<p>Geben Sie weitere erforderliche Informationen ein, um fortzufahren.<\/p>\n\n\n\n<figure class=\"wp-block-image size-full is-resized\"><img loading=\"lazy\" decoding=\"async\" width=\"1440\" height=\"1308\" src=\"https:\/\/bitwallet.com\/wp-content\/uploads\/2024\/01\/STEP2en.webp\" alt=\"\" class=\"wp-image-3135\" style=\"width:1000px;height:undefinedpx\"\/><\/figure>\n<\/div>\n\n\n\n<div class=\"wp-block-group has-global-padding is-layout-constrained wp-block-group-is-layout-constrained\">\n<h4 class=\"wp-block-heading\"><strong>SCHRITT 3<\/strong><\/h4>\n\n\n\n<figure class=\"wp-block-image size-full\"><img loading=\"lazy\" decoding=\"async\" width=\"321\" height=\"321\" src=\"https:\/\/bitwallet.com\/wp-content\/uploads\/2023\/06\/icon_step3.png\" alt=\"\" class=\"wp-image-192\"\/><\/figure>\n\n\n\n<p>Melden Sie sich an und laden Sie Ihre Dokumente zur Identit\u00e4ts\u00fcberpr\u00fcfung, Ihren Wohnadressennachweis und Ihr ID-Selfie auf der Seite zur \u00dcbermittlung von Verifizierungsdokumenten hoch.<\/p>\n\n\n\n<figure class=\"wp-block-image size-full is-resized\"><img loading=\"lazy\" decoding=\"async\" width=\"1074\" height=\"245\" src=\"https:\/\/bitwallet.com\/wp-content\/uploads\/2024\/01\/STEP3en.webp\" alt=\"\" class=\"wp-image-3136\" style=\"width:1000px;height:undefinedpx\"\/><\/figure>\n<\/div>\n\n\n\n<div class=\"wp-block-group has-global-padding is-layout-constrained wp-block-group-is-layout-constrained\">\n<h4 class=\"wp-block-heading\"><strong>SCHRITT 4<\/strong><\/h4>\n\n\n\n<figure class=\"wp-block-image size-full\"><img loading=\"lazy\" decoding=\"async\" width=\"321\" height=\"321\" src=\"https:\/\/bitwallet.com\/wp-content\/uploads\/2023\/06\/icon_step4.png\" alt=\"\" class=\"wp-image-193\"\/><\/figure>\n\n\n\n<p>Der Antrag wird an Werktagen innerhalb von ca. 24 Stunden bearbeitet. Sobald es \u00fcberpr\u00fcft und genehmigt wurde, werden Ihnen Ihre Kontoinformationen per E-Mail zugesandt.<br>\u203bJe nach Bewerbungsstatus kann es einige Zeit dauern.<\/p>\n\n\n\n<p>und es ist geschafft! Schnell und einfach.<\/p>\n\n\n\n<p class=\"logo-bw step-goal\"><strong><em>bitwallet<\/em> Beginnen Sie jetzt mit der Nutzung!<\/strong><\/p>\n<\/div>\n<\/div>\n\n\n\n<div class=\"wp-block-cover alignwide is-light help\"><img loading=\"lazy\" decoding=\"async\" width=\"2048\" height=\"336\" class=\"wp-block-cover__image-background wp-image-289\" alt=\"\" src=\"https:\/\/bitwallet.com\/wp-content\/uploads\/2023\/06\/mv-support-jpg.webp\" style=\"object-position:50% 50%\" data-object-fit=\"cover\" data-object-position=\"50% 50%\"\/><span aria-hidden=\"true\" class=\"wp-block-cover__background has-background-dim-0 has-background-dim\"><\/span><div class=\"wp-block-cover__inner-container has-global-padding is-layout-constrained wp-block-cover-is-layout-constrained\">\n<p class=\"has-large-font-size translation-block\"><strong>Brauchst du Hilfe?<\/strong><br> <strong>Wir sind hier, um zu helfen.<\/strong><\/p>\n\n\n\n<p class=\"translation-block\">Unser Support-Team steht Ihnen gerne zur Verf\u00fcgung.<br> Kontaktieren Sie uns, wenn Sie Fragen zu unseren Dienstleistungen haben.<\/p>\n\n\n\n<div class=\"wp-block-buttons is-layout-flex wp-block-buttons-is-layout-flex\">\n<div class=\"wp-block-button\"><a class=\"wp-block-button__link wp-element-button\" href=\"\/de\/support\/contact\/\">Kontaktiere uns<\/a><\/div>\n<\/div>\n<\/div><\/div>","protected":false},"excerpt":{"rendered":"<p>Er\u00f6ffnen Sie noch heute ein Bitwallet-Konto und genie\u00dfen Sie schnelle, sichere und bequeme Transaktionen. Wir unterst\u00fctzen die W\u00e4hrungen USD, JPY, EUR und AUD. Jetzt registrieren!<\/p>","protected":false},"author":5,"featured_media":0,"parent":32,"menu_order":28,"comment_status":"closed","ping_status":"closed","template":"","meta":{"footnotes":""},"class_list":["post-78","page","type-page","status-publish","hentry"],"_links":{"self":[{"href":"https:\/\/bitwallet.com\/de\/wp-json\/wp\/v2\/pages\/78","targetHints":{"allow":["GET"]}}],"collection":[{"href":"https:\/\/bitwallet.com\/de\/wp-json\/wp\/v2\/pages"}],"about":[{"href":"https:\/\/bitwallet.com\/de\/wp-json\/wp\/v2\/types\/page"}],"author":[{"embeddable":true,"href":"https:\/\/bitwallet.com\/de\/wp-json\/wp\/v2\/users\/5"}],"replies":[{"embeddable":true,"href":"https:\/\/bitwallet.com\/de\/wp-json\/wp\/v2\/comments?post=78"}],"version-history":[{"count":56,"href":"https:\/\/bitwallet.com\/de\/wp-json\/wp\/v2\/pages\/78\/revisions"}],"predecessor-version":[{"id":5205,"href":"https:\/\/bitwallet.com\/de\/wp-json\/wp\/v2\/pages\/78\/revisions\/5205"}],"up":[{"embeddable":true,"href":"https:\/\/bitwallet.com\/de\/wp-json\/wp\/v2\/pages\/32"}],"wp:attachment":[{"href":"https:\/\/bitwallet.com\/de\/wp-json\/wp\/v2\/media?parent=78"}],"curies":[{"name":"wp","href":"https:\/\/api.w.org\/{rel}","templated":true}]}}