{"id":72,"date":"2023-05-10T16:08:34","date_gmt":"2023-05-10T07:08:34","guid":{"rendered":"https:\/\/bitwallet.com\/?page_id=72"},"modified":"2026-01-08T10:42:10","modified_gmt":"2026-01-08T01:42:10","slug":"receive","status":"publish","type":"page","link":"https:\/\/bitwallet.com\/de\/service\/receive\/","title":{"rendered":"ZAHLUNG ERHALTEN"},"content":{"rendered":"<div class=\"wp-block-cover alignwide is-light header\"><img loading=\"lazy\" decoding=\"async\" width=\"2000\" height=\"360\" class=\"wp-block-cover__image-background wp-image-934\" alt=\"\" src=\"https:\/\/bitwallet.com\/wp-content\/uploads\/2023\/09\/mv-service_payout-jpg.webp\" data-object-fit=\"cover\"\/><span aria-hidden=\"true\" class=\"wp-block-cover__background has-background-dim-0 has-background-dim\"><\/span><div class=\"wp-block-cover__inner-container has-global-padding is-layout-constrained wp-block-cover-is-layout-constrained\">\n<h1 class=\"wp-block-heading effect00\">ZAHLUNG ERHALTEN<\/h1>\n\n\n\n<p class=\"effect00 fadeTimeA\">Zahlungseingang bei uns<\/p>\n<\/div><\/div>\n\n\n\n<h2 class=\"wp-block-heading cur effect00\">Erhalten Sie Zahlungen an Ihr Finanzinstitut weltweit<sup><span class=\"only-en\">ERHALTEN<\/span><span class=\"only-ja\">\u304a\u53d7\u53d6<\/span><\/sup><\/h2>\n\n\n\n<div class=\"wp-block-columns fdCRsp effect00 fadeTimeA is-layout-flex wp-container-core-columns-is-layout-9d6595d7 wp-block-columns-is-layout-flex\">\n<div class=\"wp-block-column is-layout-flow wp-block-column-is-layout-flow\">\n<p>Mit bitwallet bearbeiten wir Ihren Auszahlungsantrag umgehend in US-Dollar, japanischen Yen, europ\u00e4ischen Euro und australischen Dollar.<\/p>\n\n\n\n<p>Um sicherzustellen, dass Benutzer ihre Zahlung sofort erhalten, sind wir mit gro\u00dfen Banken auf der ganzen Welt verbunden und erm\u00f6glichen so eine rasche Abwicklung der Transaktionen.<\/p>\n\n\n\n<div class=\"wp-block-columns is-not-stacked-on-mobile cssctrl gap20 mt2em is-layout-flex wp-container-core-columns-is-layout-9d6595d7 wp-block-columns-is-layout-flex\">\n<div class=\"wp-block-column flexShrink0 is-layout-flow wp-block-column-is-layout-flow\" style=\"flex-basis:148px\">\n<figure class=\"wp-block-image size-full is-resized w100\"><img loading=\"lazy\" decoding=\"async\" width=\"148\" height=\"75\" src=\"https:\/\/bitwallet.com\/wp-content\/uploads\/2023\/07\/logo_aml01.png\" alt=\"\" class=\"wp-image-469\" style=\"width:148px;height:undefinedpx\"\/><\/figure>\n<\/div>\n\n\n\n<div class=\"wp-block-column is-layout-flow wp-block-column-is-layout-flow\">\n<ul class=\"wp-block-list note kome\">\n<li>Unser Unternehmen arbeitet strikt daran, Geldw\u00e4sche zu verhindern. Daher m\u00fcssen Benutzer bei der Erhebung von Know-Your-Client (KYC) zun\u00e4chst ihre Identit\u00e4t anhand von Ausweisdokumenten und einem Adressnachweis verifizieren. Benutzer m\u00fcssen m\u00f6glicherweise vor der Kontoaktivierung auch eine Kopie ihrer Kreditkarten- und Bankkontoinformationen des Empf\u00e4ngers einreichen.<\/li>\n<\/ul>\n<\/div>\n<\/div>\n<\/div>\n\n\n\n<div class=\"wp-block-column fb280pxtb is-layout-flow wp-block-column-is-layout-flow\">\n<figure class=\"wp-block-image aligncenter size-full\"><img loading=\"lazy\" decoding=\"async\" width=\"800\" height=\"325\" src=\"https:\/\/bitwallet.com\/wp-content\/uploads\/2024\/12\/service_img_withdrawal_.png\" alt=\"\" class=\"wp-image-4965\"\/><\/figure>\n<\/div>\n<\/div>\n\n\n\n<div class=\"wp-block-cover alignwide is-light service\" style=\"min-height:255px;aspect-ratio:unset;\"><img loading=\"lazy\" decoding=\"async\" width=\"2000\" height=\"390\" class=\"wp-block-cover__image-background wp-image-838\" alt=\"\" src=\"https:\/\/bitwallet.com\/wp-content\/uploads\/2023\/09\/mv-service_payout2-jpg.webp\" data-object-fit=\"cover\"\/><span aria-hidden=\"true\" class=\"wp-block-cover__background has-background-dim-0 has-background-dim\"><\/span><div class=\"wp-block-cover__inner-container has-global-padding is-layout-constrained wp-block-cover-is-layout-constrained\">\n<h2 class=\"wp-block-heading effect01\">Erschwingliche Abhebungsgeb\u00fchr<\/h2>\n\n\n\n<p class=\"effect01 fadeTimeA\">Die Bitwallet-Geb\u00fchr kann bis zu 10 USD betragen.<\/p>\n<\/div><\/div>\n\n\n\n<div class=\"wp-block-group box effect01 has-global-padding is-layout-constrained wp-block-group-is-layout-constrained\">\n<h3 class=\"wp-block-heading\"><span class=\"only-en\">Detail<\/span><span class=\"only-ja\">Mehr<\/span><\/h3>\n\n\n\n<h4 class=\"wp-block-heading\"><span class=\"only-en\">ZAHLUNG ERHALTEN<\/span><span class=\"only-ja\">\u304a\u53d7\u53d6<\/span><\/h4>\n\n\n\n<div class=\"wp-block-group tblScrl has-global-padding is-layout-constrained wp-block-group-is-layout-constrained\">\n<table>\n<tbody>\n<tr>\n<th class=\"w30p\">Methode<\/th>\n<th class=\"w20p\">W\u00e4hrung<\/th>\n<th class=\"w30p\">Geb\u00fchr<\/th>\n<th class=\"w20p\"><span class=\"only-en\">Minimum<br \/>Zahlung<br \/>Menge<\/span><span class=\"only-ja\">\u304a\u53d7\u53d6\u6700\u4f4e\u91d1\u984d<\/span><\/th>\n<\/tr>\n<tr>\n<td rowspan=\"4\" class=\"translation-block\">\u00dcberweisung f\u00fcr<br> Einzelpersonen<br> <sub>(\u203b1)<\/sub><\/td>\n<td>USD<\/td>\n<td rowspan=\"4\" class=\"translation-block\">USD 10 oder gleichwertige Menge je nach Land <sub>\uff08\u203b2\uff09<\/sub><\/td>\n<td>USD 10<\/td>\n<\/tr>\n<tr>\n<td class=\"notfC\">EUR<\/td>\n<td>EUR 10<\/td>\n<\/tr>\n<tr>\n<td class=\"notfC\">JPY<\/td>\n<td>JPY 1.000<\/td>\n<\/tr>\n<tr>\n<td class=\"notfC\">AUD<\/td>\n<td>AUD 10<\/td>\n<\/tr>\n<tr>\n<td class=\"lRfC translation-block\" rowspan=\"4\">Bank\u00fcberweisung<br> f\u00fcr Unternehmen <sub>(\u203b1)<\/sub><\/td>\n<td>USD<\/td>\n<td rowspan=\"4\" class=\"translation-block\">Ab 0,81 TP19T, abh\u00e4ngig von der Gesch\u00e4ftsart <sub>\uff08\u203b2\uff09<\/sub> &amp; <sub>\uff08\u203b3\uff09<\/sub><\/td>\n<td>USD 10<\/td>\n<\/tr>\n<tr>\n<td class=\"notfC\">EUR<\/td>\n<td>EUR 10<\/td>\n<\/tr>\n<tr>\n<td class=\"notfC\">JPY<\/td>\n<td>JPY 1.000<\/td>\n<\/tr>\n<tr>\n<td class=\"notfC\">AUD<\/td>\n<td>AUD 10<\/td>\n<\/tr>\n<\/tbody>\n<\/table>\n<\/div>\n\n\n\n<ul class=\"wp-block-list note kome\">\n<li>F\u00fcr Bank\u00fcberweisungen oder Zwischen\u00fcberweisungen fallen Zuschl\u00e4ge an.<\/li>\n\n\n\n<li>Weitere Informationen erhalten Sie, wenn Sie sich in Ihrem Konto anmelden.<\/li>\n\n\n\n<li>F\u00fcr die Geb\u00fchren f\u00fcr Gesch\u00e4ftskonten und H\u00e4ndlerkonten senden Sie uns bitte eine Anfrage, nachdem Sie sich in Ihrem Konto angemeldet haben.<\/li>\n\n\n\n<li class=\"nonum\">Um Betrug wie Geldw\u00e4sche, Missbrauch von Kreditkarten und Barvorsch\u00fcssen zu verhindern, werden Zahlungen und Einzahlungen per Kreditkarte und Prepaid-Karte innerhalb eines Monats sorgf\u00e4ltig gepr\u00fcft und nach Ermessen von bitwallet auf das Bankkonto des Empf\u00e4ngers \u00fcberwiesen. F\u00fcr die Bearbeitung kann zus\u00e4tzliche Zeit erforderlich sein.<\/li>\n\n\n\n<li class=\"nonum translation-block\">Geld\u00fcberweisungen an Banken in den folgenden L\u00e4ndern, in denen Geldtransfers verboten sind, sind nicht m\u00f6glich.<br> Einige L\u00e4nder, die nicht auf dieser Liste stehen, werden im Einzelfall gepr\u00fcft.<br> Afghanistan, Benin, Bonaire, Burundi, Zentralafrikanische Republik, Tschad, Kongo, Krim, Kuba, Dschibuti, \u00c4quatorialguinea, Eritrea, Gabun, Gambia, Guinea, Guinea-Bissau, Guyana, Iran, Irak, Kasachstan, Kirgisistan, Demokratische Volksrepublik Laos, Liberia, Libyen, Madagaskar, Malawi, Mali, Mauretanien, Montserrat, Myanmar, Nauru, Niger, Norfolk Insel, Nordkorea, Palau, Papua-Neuguinea, Insel St. Barth\u00e9lemy, St. Kitts und Nevis, St. Martin, Insel Sint Maarten, Sierra Leone, Sudan (Nord und S\u00fcd), Suriname, Syrien, Tadschikistan, Osttimor, Togo, Turkmenistan, Usbekistan, Westsahara, Jemen, Russland, Peru, S\u00fcdafrika, Bangladesch, Georgien<\/li>\n<\/ul>\n<\/div>\n\n\n\n<div class=\"wp-block-cover alignwide is-light help\"><img loading=\"lazy\" decoding=\"async\" width=\"2048\" height=\"336\" class=\"wp-block-cover__image-background wp-image-289\" alt=\"\" src=\"https:\/\/bitwallet.com\/wp-content\/uploads\/2023\/06\/mv-support-jpg.webp\" style=\"object-position:50% 50%\" data-object-fit=\"cover\" data-object-position=\"50% 50%\"\/><span aria-hidden=\"true\" class=\"wp-block-cover__background has-background-dim-0 has-background-dim\"><\/span><div class=\"wp-block-cover__inner-container has-global-padding is-layout-constrained wp-block-cover-is-layout-constrained\">\n<p class=\"has-large-font-size translation-block\"><strong>Brauchst du Hilfe?<\/strong><br> <strong>Wir sind hier, um zu helfen.<\/strong><\/p>\n\n\n\n<p class=\"translation-block\">Unser Support-Team steht Ihnen gerne zur Verf\u00fcgung.<br> Kontaktieren Sie uns, wenn Sie Fragen zu unseren Dienstleistungen haben.<\/p>\n\n\n\n<div class=\"wp-block-buttons is-layout-flex wp-block-buttons-is-layout-flex\">\n<div class=\"wp-block-button\"><a class=\"wp-block-button__link wp-element-button\" href=\"\/de\/support\/contact\/\">Kontaktiere uns<\/a><\/div>\n<\/div>\n<\/div><\/div>","protected":false},"excerpt":{"rendered":"<p>Er\u00f6ffnen Sie noch heute ein Konto! Wir bieten schnelle, sichere und bequeme Auszahlungsmethoden direkt auf Ihr Bankkonto. Erleben Sie neue digitale Zahlungen.<\/p>","protected":false},"author":5,"featured_media":0,"parent":32,"menu_order":20,"comment_status":"closed","ping_status":"closed","template":"","meta":{"footnotes":""},"class_list":["post-72","page","type-page","status-publish","hentry"],"_links":{"self":[{"href":"https:\/\/bitwallet.com\/de\/wp-json\/wp\/v2\/pages\/72","targetHints":{"allow":["GET"]}}],"collection":[{"href":"https:\/\/bitwallet.com\/de\/wp-json\/wp\/v2\/pages"}],"about":[{"href":"https:\/\/bitwallet.com\/de\/wp-json\/wp\/v2\/types\/page"}],"author":[{"embeddable":true,"href":"https:\/\/bitwallet.com\/de\/wp-json\/wp\/v2\/users\/5"}],"replies":[{"embeddable":true,"href":"https:\/\/bitwallet.com\/de\/wp-json\/wp\/v2\/comments?post=72"}],"version-history":[{"count":76,"href":"https:\/\/bitwallet.com\/de\/wp-json\/wp\/v2\/pages\/72\/revisions"}],"predecessor-version":[{"id":5765,"href":"https:\/\/bitwallet.com\/de\/wp-json\/wp\/v2\/pages\/72\/revisions\/5765"}],"up":[{"embeddable":true,"href":"https:\/\/bitwallet.com\/de\/wp-json\/wp\/v2\/pages\/32"}],"wp:attachment":[{"href":"https:\/\/bitwallet.com\/de\/wp-json\/wp\/v2\/media?parent=72"}],"curies":[{"name":"wp","href":"https:\/\/api.w.org\/{rel}","templated":true}]}}