{"id":60,"date":"2023-05-10T13:51:13","date_gmt":"2023-05-10T04:51:13","guid":{"rendered":"https:\/\/bitwallet.com\/?page_id=60"},"modified":"2024-08-02T13:02:35","modified_gmt":"2024-08-02T04:02:35","slug":"business","status":"publish","type":"page","link":"https:\/\/bitwallet.com\/de\/feature\/business\/","title":{"rendered":"Gesch\u00e4ftskonto"},"content":{"rendered":"<div class=\"wp-block-cover alignwide is-light header\"><span aria-hidden=\"true\" class=\"wp-block-cover__background has-background-dim-0 has-background-dim\"><\/span><img loading=\"lazy\" decoding=\"async\" width=\"2048\" height=\"518\" class=\"wp-block-cover__image-background wp-image-1134\" alt=\"\" src=\"https:\/\/bitwallet.com\/wp-content\/uploads\/2023\/09\/mv-feature-business-jpg.webp\" data-object-fit=\"cover\"\/><div class=\"wp-block-cover__inner-container has-global-padding is-layout-constrained wp-block-cover-is-layout-constrained\">\n<h1 class=\"wp-block-heading has-text-align-left effect00\">Gesch\u00e4ftskonto<\/h1>\n\n\n\n<p class=\"effect00 fadeTimeA\">Vereinfachen Sie die Zahlungsabl\u00e4ufe f\u00fcr Ihren E-Commerce-Shop. Erhalten Sie alle Zahlungen per Bank, Kreditkarte oder \u00fcber die verf\u00fcgbaren W\u00e4hrungsdienste bei bitwallet.<\/p>\n\n\n\n<div class=\"wp-block-buttons effect00 fadeTimeB is-layout-flex wp-block-buttons-is-layout-flex\">\n<div class=\"wp-block-button btn-signup\"><a class=\"wp-block-button__link wp-element-button\" href=\"https:\/\/secure.bitwallet.com\/signup\/certification?lang=en\" target=\"_blank\" rel=\"noreferrer noopener\">Wallet erstellen<\/a><\/div>\n<\/div>\n<\/div><\/div>\n\n\n\n<div class=\"wp-block-cover alignwide is-light headcopy\" style=\"min-height:138px;aspect-ratio:unset;\" id=\"maincontetnts\"><span aria-hidden=\"true\" class=\"wp-block-cover__background has-background-dim-100 has-background-dim\" style=\"background-color:#f7f7f7\"><\/span><div class=\"wp-block-cover__inner-container has-global-padding is-layout-constrained wp-block-cover-is-layout-constrained\">\n<p class=\"has-text-align-center effect00\">Freuen Sie sich auf ein angenehmes und unkompliziertes Zahlungserlebnis, wenn Sie bitwallet f\u00fcr Ihren Online-Shop w\u00e4hlen.<br>Begleichen Sie Zahlungen in verschiedenen Formen.<\/p>\n<\/div><\/div>\n\n\n\n<div class=\"wp-block-cover alignwide is-light business-point\"><span aria-hidden=\"true\" class=\"wp-block-cover__background has-background-dim-0 has-background-dim\"><\/span><div class=\"wp-block-cover__inner-container has-global-padding is-layout-constrained wp-block-cover-is-layout-constrained\">\n<div class=\"wp-block-columns tab is-layout-flex wp-container-core-columns-is-layout-9d6595d7 wp-block-columns-is-layout-flex\">\n<div class=\"wp-block-column is-layout-flow wp-block-column-is-layout-flow\" style=\"flex-basis:33.33%\">\n<div class=\"wp-block-buttons tab-menu is-horizontal is-content-justification-center is-layout-flex wp-container-core-buttons-is-layout-499968f5 wp-block-buttons-is-layout-flex\">\n<div class=\"wp-block-button current effect00\"><a class=\"wp-block-button__link has-text-align-left wp-element-button\">Realisieren Sie Kreditkarten- und Brieftaschenzahlungen<\/a><\/div>\n\n\n\n<div class=\"wp-block-button effect00 fadeTimeB\"><a class=\"wp-block-button__link has-text-align-left wp-element-button\">Rechnung an bestimmte Personen senden<\/a><\/div>\n\n\n\n<div class=\"wp-block-button effect00 fadeTimeC\"><a class=\"wp-block-button__link has-text-align-left wp-element-button\">Unter Shop- oder Firmennamen verwalten<\/a><\/div>\n<\/div>\n<\/div>\n\n\n\n<div class=\"wp-block-column tab-contents is-layout-flow wp-block-column-is-layout-flow\" style=\"flex-basis:66.66%\">\n<div class=\"wp-block-group has-global-padding is-layout-constrained wp-block-group-is-layout-constrained\">\n<div class=\"wp-block-columns has-background is-layout-flex wp-container-core-columns-is-layout-9d6595d7 wp-block-columns-is-layout-flex\" style=\"background-color:#f4f4f4\">\n<div class=\"wp-block-column is-layout-flow wp-block-column-is-layout-flow\">\n<h3 class=\"wp-block-heading\">Realisieren Sie Kreditkarten- und Brieftaschenzahlungen<\/h3>\n\n\n\n<p>Verbessern Sie den Zahlungsverkehr f\u00fcr Ihren E-Commerce-Shop oder den Einzelhandel mit Informationsprodukten. Zus\u00e4tzliche Funktionen wie Kreditkartenzahlung und mehr werden verf\u00fcgbar gemacht, wenn Sie die Sicherheitsstufe Ihres Kontos erh\u00f6hen.<\/p>\n\n\n\n<p>bitwallet ist vollst\u00e4ndig PCI DSS(*)-konform und h\u00e4lt sich strikt an den PCI-Standard, um ein h\u00f6heres Ma\u00df an Datensicherheit zu bieten und Benutzerinformationen auf unserer Zahlungsplattform zu sch\u00fctzen.<\/p>\n\n\n\n<figure class=\"wp-block-image alignright size-full\"><img loading=\"lazy\" decoding=\"async\" width=\"95\" height=\"37\" src=\"https:\/\/bitwallet.com\/wp-content\/uploads\/2023\/06\/icon_pci01.png\" alt=\"\" class=\"wp-image-205\"\/><\/figure>\n<\/div>\n\n\n\n<div class=\"wp-block-column is-layout-flow wp-block-column-is-layout-flow\">\n<h4 class=\"wp-block-heading\">Akzeptierte Kreditkarten<\/h4>\n\n\n\n<div class=\"wp-block-group gap20 has-white-background-color has-background is-content-justification-center is-nowrap is-layout-flex wp-container-core-group-is-layout-94bc23d7 wp-block-group-is-layout-flex\">\n<figure class=\"wp-block-image alignleft size-full\"><img loading=\"lazy\" decoding=\"async\" width=\"87\" height=\"28\" src=\"https:\/\/bitwallet.com\/wp-content\/uploads\/2023\/10\/logo_card_visa01.png\" alt=\"\" class=\"wp-image-1345\"\/><\/figure>\n\n\n\n<figure class=\"wp-block-image alignleft size-full\"><img loading=\"lazy\" decoding=\"async\" width=\"75\" height=\"59\" src=\"https:\/\/bitwallet.com\/wp-content\/uploads\/2023\/10\/logo_card_master01.png\" alt=\"\" class=\"wp-image-1349\"\/><\/figure>\n\n\n\n<figure class=\"wp-block-image alignleft size-full\"><img loading=\"lazy\" decoding=\"async\" width=\"86\" height=\"66\" src=\"https:\/\/bitwallet.com\/wp-content\/uploads\/2023\/10\/logo_card_jcb02.png\" alt=\"\" class=\"wp-image-1348\"\/><\/figure>\n\n\n\n<figure class=\"wp-block-image alignleft size-full\"><img loading=\"lazy\" decoding=\"async\" width=\"118\" height=\"32\" src=\"https:\/\/bitwallet.com\/wp-content\/uploads\/2023\/10\/logo_card_diners01.png\" alt=\"\" class=\"wp-image-1346\"\/><\/figure>\n\n\n\n<figure class=\"wp-block-image alignleft size-full\"><img loading=\"lazy\" decoding=\"async\" width=\"77\" height=\"48\" src=\"https:\/\/bitwallet.com\/wp-content\/uploads\/2023\/10\/logo_card_discover01.png\" alt=\"\" class=\"wp-image-1347\"\/><\/figure>\n<\/div>\n<\/div>\n<\/div>\n\n\n\n<ul class=\"wp-block-list note kome\">\n<li class=\"nonum\">PCI DSS (Payment Card Industry Data Security Standard) ist der globale Kartensicherheitsstandard und wird von f\u00fcnf gro\u00dfen internationalen Kreditkartenmarken entwickelt und gepflegt: American Express, Discover, JCB, Mastercard und VISA, um die Sicherheit der Karteninhaberdaten zu verbessern.<\/li>\n<\/ul>\n<\/div>\n\n\n\n<div class=\"wp-block-group has-global-padding is-layout-constrained wp-block-group-is-layout-constrained\">\n<div class=\"wp-block-columns has-background is-layout-flex wp-container-core-columns-is-layout-9d6595d7 wp-block-columns-is-layout-flex\" style=\"background-color:#f4f4f4\">\n<div class=\"wp-block-column is-layout-flow wp-block-column-is-layout-flow\">\n<h3 class=\"wp-block-heading\">Rechnung an bestimmte Personen senden<\/h3>\n\n\n\n<p>Mit der bitwallet-Zahlungsanforderungsfunktion k\u00f6nnen H\u00e4ndler und Benutzer Online-Zahlungen von bitwallet-Kontoinhabern anfordern und einziehen. All Payment Requests bietet eine vollst\u00e4ndige Nachverfolgung der automatisch an beide Parteien gesendeten Zahlungsbelege. Personalisieren Sie Ihre Rechnung mit den erforderlichen Informationen wie Produktname, Betrag, Rechnungsnummer usw. Mit Invoice k\u00f6nnen Benutzer den Zahlungsprozess in Echtzeit verfolgen und \u00fcberwachen.<\/p>\n<\/div>\n\n\n\n<div class=\"wp-block-column is-layout-flow wp-block-column-is-layout-flow\">\n<h4 class=\"wp-block-heading\">Einzuschlie\u00dfende Informationen<\/h4>\n\n\n\n<ul class=\"wp-block-list ast\">\n<li>Einzuschlie\u00dfende Informationen<\/li>\n\n\n\n<li>E-Mail-Adresse<\/li>\n\n\n\n<li>Menge<\/li>\n\n\n\n<li>Beschreibung<br>Rechnungsnummer<br>Als PDF exportieren<br>Zahlungsart (f\u00fcr bitwallet-Konto)<br>Memo<\/li>\n<\/ul>\n\n\n\n<p class=\"has-text-align-right\">* Pflichtfeld<\/p>\n<\/div>\n<\/div>\n<\/div>\n\n\n\n<div class=\"wp-block-group has-global-padding is-layout-constrained wp-block-group-is-layout-constrained\">\n<div class=\"wp-block-columns has-background is-layout-flex wp-container-core-columns-is-layout-9d6595d7 wp-block-columns-is-layout-flex\" style=\"background-color:#f4f4f4\">\n<div class=\"wp-block-column is-layout-flow wp-block-column-is-layout-flow\">\n<h3 class=\"wp-block-heading w50pc\">Mit Shop- oder Firmennamen verwalten<\/h3>\n\n\n\n<p>Benutzer eines Gesch\u00e4ftskontos k\u00f6nnen ihren Shopnamen und andere notwendige Informationen in ihr Profil aufnehmen. Dadurch erhalten Kunden einen besseren \u00dcberblick und ein klares Verst\u00e4ndnis ihrer Kaufhistorie.<\/p>\n\n\n\n<p>bitwallet hat stets das Feedback und die Ratschl\u00e4ge der Benutzer improvisiert, um einen besseren Service und eine bessere Benutzeroberfl\u00e4che zu bieten, was alle begeisterte.<\/p>\n<\/div>\n<\/div>\n<\/div>\n<\/div>\n<\/div>\n<\/div><\/div>\n\n\n\n<div class=\"wp-block-cover alignwide is-light superiority\"><span aria-hidden=\"true\" class=\"wp-block-cover__background has-background-dim-100 has-background-dim\" style=\"background-color:#f7f7f7\"><\/span><div class=\"wp-block-cover__inner-container has-global-padding is-layout-constrained wp-block-cover-is-layout-constrained\">\n<h2 class=\"wp-block-heading has-text-align-center effect01\">Was macht bitwallet zu einer Elite-Plattform?<\/h2>\n\n\n\n<div class=\"wp-block-columns is-layout-flex wp-container-core-columns-is-layout-9d6595d7 wp-block-columns-is-layout-flex\">\n<div class=\"wp-block-column effect01 is-layout-flow wp-block-column-is-layout-flow\">\n<h3 class=\"wp-block-heading has-text-align-center\">Registrierungsgeb\u00fchr<\/h3>\n\n\n\n<h3 class=\"wp-block-heading has-text-align-center\">Frei<\/h3>\n\n\n\n<p>Es ist kostenlos, wenn Sie bei uns ein Wallet erstellen. Keine Anmeldegeb\u00fchr erforderlich.<\/p>\n<\/div>\n\n\n\n<div class=\"wp-block-column effect01 fadeTimeA is-layout-flow wp-block-column-is-layout-flow\">\n<h3 class=\"wp-block-heading has-text-align-center\">Monatliche Nutzung<\/h3>\n\n\n\n<h3 class=\"wp-block-heading has-text-align-center\">Frei<\/h3>\n\n\n\n<p>Es fallen keine zus\u00e4tzlichen Kosten an, wenn Sie uns nutzen.<\/p>\n<\/div>\n\n\n\n<div class=\"wp-block-column effect01 fadeTimeB is-layout-flow wp-block-column-is-layout-flow\">\n<h3 class=\"wp-block-heading has-text-align-center\">Transaktionsgeb\u00fchr<\/h3>\n\n\n\n<h3 class=\"wp-block-heading has-text-align-center\">Kostenlos~<\/h3>\n\n\n\n<p>Zahlungen mit bitwallet beginnen mit 0 Bearbeitungsgeb\u00fchren.<\/p>\n<\/div>\n\n\n\n<div class=\"wp-block-column effect01 fadeTimeC is-layout-flow wp-block-column-is-layout-flow\">\n<h3 class=\"wp-block-heading has-text-align-center\">Auszahlung an japanische Banken<\/h3>\n\n\n\n<h3 class=\"wp-block-heading has-text-align-center translation-block\">824 <sub>JPY<\/sub><br> \uff0b<br> 0,8 <sub>% der<br> Auszahlungsbetrag<br> jeweils am niedrigsten<\/sub><\/h3>\n<\/div>\n<\/div>\n\n\n\n<p class=\"effect01\">Genie\u00dfen Sie jede Transaktion zum Mindesttarif oder kostenlos. Nur bei bitwallet, wo die perfekte Zahlungsl\u00f6sung auf ein unglaubliches Zahlungserlebnis trifft. Wir m\u00f6chten die Belastung durch hohe Transaktionskosten verringern, indem wir allen einen Service zu erschwinglichen Preisen anbieten.<\/p>\n\n\n\n<div class=\"wp-block-buttons effect01 fadeTimeB is-content-justification-center is-layout-flex wp-container-core-buttons-is-layout-16018d1d wp-block-buttons-is-layout-flex\">\n<div class=\"wp-block-button\"><a class=\"wp-block-button__link wp-element-button\" href=\"\/de\/service\/handling-fee\/\">Erfahren Sie mehr<\/a><\/div>\n<\/div>\n<\/div><\/div>\n\n\n\n<div class=\"wp-block-cover alignwide is-light solution\"><span aria-hidden=\"true\" class=\"wp-block-cover__background has-background-dim-0 has-background-dim\"><\/span><img loading=\"lazy\" decoding=\"async\" width=\"3000\" height=\"460\" class=\"wp-block-cover__image-background wp-image-1154\" alt=\"\" src=\"https:\/\/bitwallet.com\/wp-content\/uploads\/2023\/09\/mv-feature-business2-jpg.webp\" data-object-fit=\"cover\"\/><div class=\"wp-block-cover__inner-container has-global-padding is-layout-constrained wp-block-cover-is-layout-constrained\">\n<h2 class=\"wp-block-heading has-text-align-center\"><strong>Perfekte Zahlungsl\u00f6sung f\u00fcr Auslandsgesch\u00e4fte<\/strong><\/h2>\n\n\n\n<div class=\"wp-block-buttons is-content-justification-center is-layout-flex wp-container-core-buttons-is-layout-16018d1d wp-block-buttons-is-layout-flex\">\n<div class=\"wp-block-button btn-signup effect01\"><a class=\"wp-block-button__link wp-element-button\" href=\"https:\/\/secure.bitwallet.com\/signup\/certification?lang=en\" target=\"_blank\" rel=\"noreferrer noopener\">Wallet erstellen<\/a><\/div>\n<\/div>\n<\/div><\/div>\n\n\n\n<div class=\"wp-block-cover alignwide is-light case\"><span aria-hidden=\"true\" class=\"wp-block-cover__background has-background-dim-0 has-background-dim\"><\/span><img loading=\"lazy\" decoding=\"async\" width=\"3000\" height=\"484\" class=\"wp-block-cover__image-background wp-image-1297\" alt=\"\" src=\"https:\/\/bitwallet.com\/wp-content\/uploads\/2023\/10\/mv-business_example-jpg.webp\" data-object-fit=\"cover\"\/><div class=\"wp-block-cover__inner-container has-global-padding is-layout-constrained wp-block-cover-is-layout-constrained\">\n<h2 class=\"wp-block-heading alignwide has-text-align-center\"><strong>Implementierung des Wallet-Dienstes<\/strong><\/h2>\n\n\n\n<div class=\"wp-block-group swiper business effect01 fadeTimeA has-global-padding is-layout-constrained wp-block-group-is-layout-constrained\">\n<div class=\"wp-block-group swiper-wrapper has-global-padding is-layout-constrained wp-block-group-is-layout-constrained\">\n<div class=\"wp-block-columns swiper-slide is-layout-flex wp-container-core-columns-is-layout-9d6595d7 wp-block-columns-is-layout-flex\">\n<div class=\"wp-block-column is-layout-flow wp-block-column-is-layout-flow\" style=\"flex-basis:470px\">\n<figure class=\"wp-block-image size-full\"><img loading=\"lazy\" decoding=\"async\" width=\"470\" height=\"383\" src=\"https:\/\/bitwallet.com\/wp-content\/uploads\/2023\/10\/business_case_fsg.png\" alt=\"\" class=\"wp-image-1301\"\/><\/figure>\n<\/div>\n\n\n\n<div class=\"wp-block-column is-layout-flow wp-block-column-is-layout-flow\">\n<p>Online-Zahlungsf\u00e4lle<\/p>\n\n\n\n<h3 class=\"wp-block-heading\">FSG-Management<\/h3>\n\n\n\n<p>FSG Management Co., Ltd<\/p>\n\n\n\n<p>FSG Management ist ein Beratungsunternehmen, das sich auf Management in verschiedenen Bereichen spezialisiert hat, darunter Rechnungswesen und Psychologie. Kursgeb\u00fchren und Beratungsgeb\u00fchren werden \u00fcber das Online-Zahlungssystem bitwallet abgewickelt, was die Gesch\u00e4ftsm\u00f6glichkeiten erh\u00f6ht und eine sofortige Zahlung gew\u00e4hrleistet.<\/p>\n\n\n\n<div class=\"wp-block-columns is-layout-flex wp-container-core-columns-is-layout-9d6595d7 wp-block-columns-is-layout-flex\">\n<div class=\"wp-block-column is-layout-flow wp-block-column-is-layout-flow\" style=\"flex-basis:16em\">\n<p>Gesch\u00e4ftskonto<\/p>\n<\/div>\n\n\n\n<div class=\"wp-block-column is-layout-flow wp-block-column-is-layout-flow\">\n<p><a href=\"http:\/\/www.fsg-group.co.jp\/\" target=\"_blank\" rel=\"noreferrer noopener\">http:\/\/www.fsg-group.co.jp\/<\/a><\/p>\n<\/div>\n<\/div>\n<\/div>\n<\/div>\n\n\n\n<div class=\"wp-block-columns swiper-slide is-layout-flex wp-container-core-columns-is-layout-9d6595d7 wp-block-columns-is-layout-flex\">\n<div class=\"wp-block-column is-layout-flow wp-block-column-is-layout-flow\" style=\"flex-basis:470px\">\n<figure class=\"wp-block-image size-full\"><img loading=\"lazy\" decoding=\"async\" width=\"470\" height=\"383\" src=\"https:\/\/bitwallet.com\/wp-content\/uploads\/2023\/10\/business_case_kensetsu.png\" alt=\"\" class=\"wp-image-1302\"\/><\/figure>\n<\/div>\n\n\n\n<div class=\"wp-block-column is-layout-flow wp-block-column-is-layout-flow\">\n<p>Online-Zahlungsf\u00e4lle<\/p>\n\n\n\n<h3 class=\"wp-block-heading\">Baugenehmigung.com<\/h3>\n\n\n\n<p>Unternehmensziel von Administrative Scrivener<\/p>\n\n\n\n<p>Construction Approval.com bietet einen schnellen und einfachen Service zur Beantragung einer Baugenehmigung. Die Verg\u00fctung f\u00fcr jede erfolgreiche Bewerbung wird \u00fcber das Zahlungssystem bitwallet eingezogen.<\/p>\n\n\n\n<div class=\"wp-block-columns is-layout-flex wp-container-core-columns-is-layout-9d6595d7 wp-block-columns-is-layout-flex\">\n<div class=\"wp-block-column is-layout-flow wp-block-column-is-layout-flow\" style=\"flex-basis:16em\">\n<p>Gesch\u00e4ftskonto<\/p>\n<\/div>\n\n\n\n<div class=\"wp-block-column is-layout-flow wp-block-column-is-layout-flow\">\n<p><a rel=\"noreferrer noopener\" href=\"https:\/\/www.kensetsu-kinki.com\/\" target=\"_blank\">https:\/\/www.kensetsu-kinki.com\/<\/a><\/p>\n<\/div>\n<\/div>\n<\/div>\n<\/div>\n<\/div>\n<\/div>\n<\/div><\/div>\n\n\n\n<div class=\"wp-block-cover alignwide has-parallax info-step\"><span aria-hidden=\"true\" class=\"wp-block-cover__background has-cyan-bluish-gray-background-color has-background-dim-0 has-background-dim\"><\/span><div class=\"wp-block-cover__image-background wp-image-1269 has-parallax\" style=\"background-position:50% 50%;background-image:url(https:\/\/bitwallet.com\/wp-content\/uploads\/2023\/10\/mv-feature-business-step-jpg.webp)\"><\/div><div class=\"wp-block-cover__inner-container has-global-padding is-layout-constrained wp-block-cover-is-layout-constrained\">\n<h3 class=\"wp-block-heading has-text-align-center effect01\"><strong>Nur 4 einfache Schritte.<\/strong><br> <strong>Die Wallet ben\u00f6tigt mindestens 30 Minuten, um bereit zu sein.<\/strong><\/h3>\n\n\n\n<div class=\"wp-block-columns step is-layout-flex wp-container-core-columns-is-layout-9d6595d7 wp-block-columns-is-layout-flex\">\n<div class=\"wp-block-column effect01 is-layout-flow wp-block-column-is-layout-flow\">\n<p class=\"has-text-align-center\"><strong>SCHRITT 1<\/strong><\/p>\n\n\n\n<figure class=\"wp-block-image aligncenter size-full\"><img loading=\"lazy\" decoding=\"async\" width=\"321\" height=\"321\" src=\"https:\/\/bitwallet.com\/wp-content\/uploads\/2023\/10\/icon_step1-wh.png\" alt=\"\" class=\"wp-image-1275\"\/><\/figure>\n\n\n\n<p>Registrieren Sie sich von jedem Ger\u00e4t aus. Geben Sie auf der Registrierungsseite Ihre Basisinformationen ein, um loszulegen.<\/p>\n<\/div>\n\n\n\n<div class=\"wp-block-column effect01 fadeTimeA is-layout-flow wp-block-column-is-layout-flow\">\n<p class=\"has-text-align-center\"><strong>SCHRITT 2<\/strong><\/p>\n\n\n\n<figure class=\"wp-block-image aligncenter size-full\"><img loading=\"lazy\" decoding=\"async\" width=\"321\" height=\"321\" src=\"https:\/\/bitwallet.com\/wp-content\/uploads\/2023\/10\/icon_step2-wh.png\" alt=\"\" class=\"wp-image-1276\"\/><\/figure>\n\n\n\n<p>Ein Best\u00e4tigungslink wird an Ihre registrierte E-Mail-Adresse gesendet. Geben Sie weitere notwendige Informationen ein, um fortzufahren.<\/p>\n<\/div>\n\n\n\n<div class=\"wp-block-column effect01 fadeTimeB is-layout-flow wp-block-column-is-layout-flow\">\n<p class=\"has-text-align-center\"><strong>SCHRITT 3<\/strong><\/p>\n\n\n\n<figure class=\"wp-block-image aligncenter size-full\"><img loading=\"lazy\" decoding=\"async\" width=\"321\" height=\"321\" src=\"https:\/\/bitwallet.com\/wp-content\/uploads\/2023\/10\/icon_step3-wh.png\" alt=\"\" class=\"wp-image-1277\"\/><\/figure>\n\n\n\n<p>Melden Sie sich an und laden Sie Ihre Dokumente zur Identit\u00e4ts\u00fcberpr\u00fcfung, Ihren Wohnadressennachweis und Ihr Selfie auf der Seite zur \u00dcbermittlung von Verifizierungsdokumenten hoch.<\/p>\n<\/div>\n\n\n\n<div class=\"wp-block-column effect01 fadeTimeC is-layout-flow wp-block-column-is-layout-flow\">\n<p class=\"has-text-align-center\"><strong>SCHRITT 4<\/strong><\/p>\n\n\n\n<figure class=\"wp-block-image aligncenter size-full\"><img loading=\"lazy\" decoding=\"async\" width=\"321\" height=\"321\" src=\"https:\/\/bitwallet.com\/wp-content\/uploads\/2023\/10\/icon_step4-wh.png\" alt=\"\" class=\"wp-image-1278\"\/><\/figure>\n\n\n\n<p>Zu normalen Gesch\u00e4ftszeiten ist die Best\u00e4tigungsarbeit in mindestens 30 Minuten erledigt. Sobald es \u00fcberpr\u00fcft und genehmigt wurde, werden Ihnen Ihre Kontoinformationen per E-Mail zugesandt.<\/p>\n<\/div>\n<\/div>\n\n\n\n<div class=\"wp-block-columns frontpage-cv is-layout-flex wp-container-core-columns-is-layout-9d6595d7 wp-block-columns-is-layout-flex\">\n<div class=\"wp-block-column is-vertically-aligned-center is-layout-flow wp-block-column-is-layout-flow\"><\/div>\n\n\n\n<div class=\"wp-block-column is-layout-flow wp-block-column-is-layout-flow\">\n<div class=\"wp-block-buttons is-content-justification-center is-layout-flex wp-container-core-buttons-is-layout-16018d1d wp-block-buttons-is-layout-flex\">\n<div class=\"wp-block-button has-custom-width wp-block-button__width-100 btn-signup effect01\"><a class=\"wp-block-button__link wp-element-button\" href=\"https:\/\/secure.bitwallet.com\/signup\/certification?lang=en\" target=\"_blank\" rel=\"noreferrer noopener\">Wallet erstellen<\/a><\/div>\n<\/div>\n<\/div>\n\n\n\n<div class=\"wp-block-column is-vertically-aligned-center is-layout-flow wp-block-column-is-layout-flow\">\n<p class=\"has-text-align-center effect01 fadeTimeB only-en\"><a href=\"\/de\/service\/account-open\/\" data-type=\"page\" data-id=\"78\">Finde mehr heraus<\/a><\/p>\n\n\n\n<p class=\"has-text-align-center effect01 fadeTimeB only-ja mt0\"><a href=\"\/de\/service\/account-open\/\" data-type=\"page\" data-id=\"78\">\u30a6\u30a9\u30ec\u30c3\u30c8\u958b\u8a2d\u624b\u9806\u3092\u8a73\u3057\u304f<\/a><\/p>\n<\/div>\n<\/div>\n<\/div><\/div>\n\n\n\n<div class=\"wp-block-cover alignwide is-light help\"><span aria-hidden=\"true\" class=\"wp-block-cover__background has-background-dim-0 has-background-dim\"><\/span><img loading=\"lazy\" decoding=\"async\" width=\"2048\" height=\"336\" class=\"wp-block-cover__image-background wp-image-289\" alt=\"\" src=\"https:\/\/bitwallet.com\/wp-content\/uploads\/2023\/06\/mv-support-jpg.webp\" style=\"object-position:50% 50%\" data-object-fit=\"cover\" data-object-position=\"50% 50%\"\/><div class=\"wp-block-cover__inner-container has-global-padding is-layout-constrained wp-block-cover-is-layout-constrained\">\n<p class=\"has-large-font-size translation-block\"><strong>Brauchst du Hilfe?<\/strong><br> <strong>Wir sind hier, um zu helfen.<\/strong><\/p>\n\n\n\n<p class=\"translation-block\">Unser Support-Team steht Ihnen gerne zur Verf\u00fcgung.<br> Kontaktieren Sie uns, wenn Sie Fragen zu unseren Dienstleistungen haben.<\/p>\n\n\n\n<div class=\"wp-block-buttons is-layout-flex wp-block-buttons-is-layout-flex\">\n<div class=\"wp-block-button\"><a class=\"wp-block-button__link wp-element-button\" href=\"\/de\/support\/contact\/\">Kontaktiere uns<\/a><\/div>\n<\/div>\n<\/div><\/div>","protected":false},"excerpt":{"rendered":"","protected":false},"author":5,"featured_media":0,"parent":24,"menu_order":33,"comment_status":"closed","ping_status":"closed","template":"","meta":{"footnotes":""},"class_list":["post-60","page","type-page","status-publish","hentry"],"_links":{"self":[{"href":"https:\/\/bitwallet.com\/de\/wp-json\/wp\/v2\/pages\/60","targetHints":{"allow":["GET"]}}],"collection":[{"href":"https:\/\/bitwallet.com\/de\/wp-json\/wp\/v2\/pages"}],"about":[{"href":"https:\/\/bitwallet.com\/de\/wp-json\/wp\/v2\/types\/page"}],"author":[{"embeddable":true,"href":"https:\/\/bitwallet.com\/de\/wp-json\/wp\/v2\/users\/5"}],"replies":[{"embeddable":true,"href":"https:\/\/bitwallet.com\/de\/wp-json\/wp\/v2\/comments?post=60"}],"version-history":[{"count":132,"href":"https:\/\/bitwallet.com\/de\/wp-json\/wp\/v2\/pages\/60\/revisions"}],"predecessor-version":[{"id":4907,"href":"https:\/\/bitwallet.com\/de\/wp-json\/wp\/v2\/pages\/60\/revisions\/4907"}],"up":[{"embeddable":true,"href":"https:\/\/bitwallet.com\/de\/wp-json\/wp\/v2\/pages\/24"}],"wp:attachment":[{"href":"https:\/\/bitwallet.com\/de\/wp-json\/wp\/v2\/media?parent=60"}],"curies":[{"name":"wp","href":"https:\/\/api.w.org\/{rel}","templated":true}]}}