{"id":1593,"date":"2023-10-16T14:43:05","date_gmt":"2023-10-16T05:43:05","guid":{"rendered":"https:\/\/bitwallet.com\/?page_id=1593"},"modified":"2024-08-16T12:21:01","modified_gmt":"2024-08-16T03:21:01","slug":"media-inquiry","status":"publish","type":"page","link":"https:\/\/bitwallet.com\/de\/support\/contact\/media-inquiry\/","title":{"rendered":"F\u00fcr Medienanfragen"},"content":{"rendered":"<div class=\"wp-block-cover alignwide header\"><span aria-hidden=\"true\" class=\"wp-block-cover__background has-background-dim-0 has-background-dim\"><\/span><img loading=\"lazy\" decoding=\"async\" width=\"2000\" height=\"360\" class=\"wp-block-cover__image-background wp-image-1033\" alt=\"\" src=\"https:\/\/bitwallet.com\/wp-content\/uploads\/2023\/09\/mv-support-contact-jpg.webp\" data-object-fit=\"cover\"\/><div class=\"wp-block-cover__inner-container has-global-padding is-layout-constrained wp-block-cover-is-layout-constrained\">\n<h1 class=\"wp-block-heading has-text-align-left effect00\">Kontaktiere uns<\/h1>\n\n\n\n<p class=\"effect00 fadeTimeA\">Serviceanfrage<\/p>\n<\/div><\/div>\n\n\n\n<h2 class=\"wp-block-heading effect01\">F\u00fcr Medienanfragen<\/h2>\n\n\n\n<p><\/p>\n\n\n\n<div class=\"wp-block-group box effect01 has-global-padding is-layout-constrained wp-block-group-is-layout-constrained\">\n<h3 class=\"wp-block-heading\">F\u00fcr Medienanfragen<\/h3>\n\n\n\n<p>Wenn Sie Mitglied der Medien sind oder zu Medien- oder Marketingzwecken mit uns Kontakt aufnehmen m\u00f6chten, kontaktieren Sie uns bitte.<\/p>\n\n\n\n<h4 class=\"wp-block-heading\">Email<\/h4>\n\n\n\n<p>Verf\u00fcgbar: 24 Stunden<br>Betriebszeiten: Montag bis Samstag, 9:00 bis 17:00 Uhr (JST)<\/p>\n\n\n\n<p class=\"has-text-align-center media-inquiry not-honyaku\"><strong>Medien\uff20bitwallet.com<\/strong><\/p>\n\n\n\n<p class=\"has-text-align-center has-small-font-size\">(Bitte \u00e4ndern Sie \u201e@\u201c in Zeichen halber Breite, um eine E-Mail zu senden.)<\/p>\n\n\n\n<h4 class=\"wp-block-heading\">Rufen Sie uns an<\/h4>\n\n\n\n<p class=\"only-en\">Verf\u00fcgbar: 24 Stunden<\/p>\n\n\n\n<p class=\"only-ja\">\u00d6ffnungszeiten: 9:00 bis 17:00 Uhr<\/p>\n\n\n\n<p class=\"has-text-align-center media-inquiry\"><strong><strong>+65-6221-0111<\/strong><\/strong><\/p>\n\n\n\n<p class=\"has-text-align-center has-small-font-size\">(Internationaler Anruf: Singapur)<\/p>\n\n\n\n<p class=\"mx0 mt3em has-vivid-red-color has-text-color\">Um die Ausbreitung des neuen Coronavirus (COVID-19) zu verhindern, werden wir den telefonischen Support auf Wunsch der Regierung vorerst aussetzen. Bei R\u00fcckfragen senden Sie Ihre Anfrage bitte an die oben genannte E-Mail-Adresse. Wir entschuldigen uns daf\u00fcr Unannehmlichkeiten entstehen, und wir danken Ihnen f\u00fcr Ihr Verst\u00e4ndnis.<\/p>\n<\/div>\n\n\n\n<div class=\"wp-block-cover alignwide is-light help\"><span aria-hidden=\"true\" class=\"wp-block-cover__background has-background-dim-0 has-background-dim\"><\/span><img loading=\"lazy\" decoding=\"async\" width=\"2048\" height=\"336\" class=\"wp-block-cover__image-background wp-image-289\" alt=\"\" src=\"https:\/\/bitwallet.com\/wp-content\/uploads\/2023\/06\/mv-support-jpg.webp\" style=\"object-position:50% 50%\" data-object-fit=\"cover\" data-object-position=\"50% 50%\"\/><div class=\"wp-block-cover__inner-container has-global-padding is-layout-constrained wp-block-cover-is-layout-constrained\">\n<p class=\"has-large-font-size translation-block\"><strong>Brauchst du Hilfe?<\/strong><br> <strong>Wir sind hier, um zu helfen.<\/strong><\/p>\n\n\n\n<p class=\"translation-block\">Unser Support-Team steht Ihnen gerne zur Verf\u00fcgung.<br> Kontaktieren Sie uns, wenn Sie Fragen zu unseren Dienstleistungen haben.<\/p>\n\n\n\n<div class=\"wp-block-buttons is-layout-flex wp-block-buttons-is-layout-flex\">\n<div class=\"wp-block-button\"><a class=\"wp-block-button__link wp-element-button\" href=\"\/de\/support\/contact\/\">Kontaktiere uns<\/a><\/div>\n<\/div>\n<\/div><\/div>","protected":false},"excerpt":{"rendered":"<p>F\u00fcr Medienanfragen und andere pressebezogene Fragen wenden Sie sich f\u00fcr weitere Informationen an media@bitwallet.com. Nehmen Sie jetzt Kontakt mit uns auf!<\/p>","protected":false},"author":5,"featured_media":0,"parent":1028,"menu_order":14,"comment_status":"closed","ping_status":"closed","template":"","meta":{"footnotes":""},"class_list":["post-1593","page","type-page","status-publish","hentry"],"_links":{"self":[{"href":"https:\/\/bitwallet.com\/de\/wp-json\/wp\/v2\/pages\/1593","targetHints":{"allow":["GET"]}}],"collection":[{"href":"https:\/\/bitwallet.com\/de\/wp-json\/wp\/v2\/pages"}],"about":[{"href":"https:\/\/bitwallet.com\/de\/wp-json\/wp\/v2\/types\/page"}],"author":[{"embeddable":true,"href":"https:\/\/bitwallet.com\/de\/wp-json\/wp\/v2\/users\/5"}],"replies":[{"embeddable":true,"href":"https:\/\/bitwallet.com\/de\/wp-json\/wp\/v2\/comments?post=1593"}],"version-history":[{"count":18,"href":"https:\/\/bitwallet.com\/de\/wp-json\/wp\/v2\/pages\/1593\/revisions"}],"predecessor-version":[{"id":4927,"href":"https:\/\/bitwallet.com\/de\/wp-json\/wp\/v2\/pages\/1593\/revisions\/4927"}],"up":[{"embeddable":true,"href":"https:\/\/bitwallet.com\/de\/wp-json\/wp\/v2\/pages\/1028"}],"wp:attachment":[{"href":"https:\/\/bitwallet.com\/de\/wp-json\/wp\/v2\/media?parent=1593"}],"curies":[{"name":"wp","href":"https:\/\/api.w.org\/{rel}","templated":true}]}}