{"id":1118,"date":"2023-09-21T18:00:22","date_gmt":"2023-09-21T09:00:22","guid":{"rendered":"https:\/\/bitwallet.com\/?page_id=1118"},"modified":"2026-03-25T12:58:20","modified_gmt":"2026-03-25T03:58:20","slug":"api","status":"publish","type":"page","link":"https:\/\/bitwallet.com\/de\/support\/api\/","title":{"rendered":"API-Spezifikation"},"content":{"rendered":"<div class=\"wp-block-cover alignwide header\"><img loading=\"lazy\" decoding=\"async\" width=\"2000\" height=\"360\" class=\"wp-block-cover__image-background wp-image-1120\" alt=\"\" src=\"https:\/\/bitwallet.com\/wp-content\/uploads\/2023\/09\/mv-support-api-jpg.webp\" data-object-fit=\"cover\"\/><span aria-hidden=\"true\" class=\"wp-block-cover__background has-background-dim-0 has-background-dim\"><\/span><div class=\"wp-block-cover__inner-container has-global-padding is-layout-constrained wp-block-cover-is-layout-constrained\">\n<h1 class=\"wp-block-heading has-text-align-left effect00\">API-Spezifikation<\/h1>\n\n\n\n<p class=\"effect00 fadeTimeA\">Programmspezifikation f\u00fcr Entwickler<\/p>\n<\/div><\/div>\n\n\n\n<h2 class=\"wp-block-heading effect00\">bitwallet-Web-API<\/h2>\n\n\n\n<p class=\"effect00 fadeTimeA\">bitwallet bietet eine ganzheitliche Erkl\u00e4rung in der API-Spezifikation wie bitwallet API und bitwallet Exchange API f\u00fcr Entwickler. Die bitwallet Merchant API erm\u00f6glicht die Verbindung des H\u00e4ndlerkontos mit unseren Zahlungs- und Authentifizierungsdiensten f\u00fcr eine nahtlose Zahlungsumgebung.<\/p>\n\n\n\n<div class=\"wp-block-group box effect00 fadeTimeB has-global-padding is-layout-constrained wp-block-group-is-layout-constrained\">\n<h3 class=\"wp-block-heading fiat\">bitwallet-Web-API<\/h3>\n\n\n\n<h4 class=\"wp-block-heading\">bitwallet-Zahlungs-API (BPA)<\/h4>\n\n\n\n<p>BPA ist eine Gateway-API f\u00fcr bitwallet-Kreditkartentransaktionen, die einen einfachen Zahlungsvorgang (Kreditkarte und Bank\u00fcberweisung) auf der bitwallet-Plattform erm\u00f6glicht.<\/p>\n\n\n\n<p class=\"blank\"><a href=\"#\">BPA-Spezifikation (Vorbereitung)<\/a><\/p>\n\n\n\n<hr class=\"wp-block-separator has-alpha-channel-opacity\"\/>\n\n\n\n<h4 class=\"wp-block-heading\">bitwallet Exchange API (BEA)<\/h4>\n\n\n\n<p>BEA ist eine auf W\u00e4hrungsumtausch spezialisierte API, die auf der bitwallet-Plattform verf\u00fcgbar ist. BEA ist in zwei Typen unterteilt: \u00f6ffentliche API und sichere API. Die \u00f6ffentliche API verwendet keine Benutzerauthentifizierung, w\u00e4hrend die sichere API eine Authentifizierung erfordert. Die \u00f6ffentliche API stellt hybride Daten wie Preisinformationen bereit, und die sichere API gew\u00e4hrleistet die Vertraulichkeit der Informationen sowie der Ein- und Auszahlungen, die \u00fcber die API verarbeitet werden.<\/p>\n\n\n\n<p class=\"blank\"><a href=\"#\">BEA-Spezifikation (Vorbereitung) <\/a><\/p>\n\n\n\n<hr class=\"wp-block-separator has-alpha-channel-opacity\"\/>\n\n\n\n<h4 class=\"wp-block-heading\">bitwallet-H\u00e4ndler-API (BMA)<\/h4>\n\n\n\n<p>BMA ist eine API, die bitwallet mit Wallet-Funktion auf seiner Plattform implementiert hat. Die API ist spezialisiert und auf H\u00e4ndlerkonten ausgerichtet, indem sie das bitwallet-Zahlungssystem und Wallet-Funktionen integriert und die OpenID Connect-Identit\u00e4tsauthentifizierung auf deren Websites erm\u00f6glicht.<\/p>\n\n\n\n<p class=\"blank\"><a href=\"https:\/\/secure.bitwallet.com\/docs\/merchant?lang=en\" target=\"_blank\" rel=\"noreferrer noopener\">BMA-Spezifikation (2026.03.25) Version 2.06<\/a><\/p>\n<\/div>","protected":false},"excerpt":{"rendered":"<p>bitwallet Web API bitwallet bietet eine ganzheitliche Erkl\u00e4rung in der API-Spezifikation wie bitwallet API und bitwallet Exchange API f\u00fcr Entwickler. bitwallet Merchant API erm\u00f6glicht H\u00e4ndlerkonten die Verbindung mit unseren Zahlungs- und Authentifizierungsdiensten f\u00fcr eine nahtlose Zahlungsumgebung. bitwallet Web API bitwallet Payment API (BPA) BPA ist eine Gateway-API f\u00fcr bitwallet-Kreditkartentransaktionen, die einen einfachen Zahlungsvorgang (Kreditkarte und Bank\u00fcberweisung) auf der bitwallet-Plattform erm\u00f6glicht. BPA-Spezifikation (Vorbereitung) bitwallet Exchange API (BEA) BEA ist eine auf den Devisenhandel spezialisierte API, die auf der bitwallet-Plattform verf\u00fcgbar ist. BEA ist in zwei Typen unterteilt, Public API und Secure API. Public API verwendet keine Benutzerauthentifizierung, w\u00e4hrend Secure API eine Authentifizierung erfordert. Public API\u2026<\/p>","protected":false},"author":5,"featured_media":0,"parent":310,"menu_order":17,"comment_status":"closed","ping_status":"closed","template":"","meta":{"footnotes":""},"class_list":["post-1118","page","type-page","status-publish","hentry"],"_links":{"self":[{"href":"https:\/\/bitwallet.com\/de\/wp-json\/wp\/v2\/pages\/1118","targetHints":{"allow":["GET"]}}],"collection":[{"href":"https:\/\/bitwallet.com\/de\/wp-json\/wp\/v2\/pages"}],"about":[{"href":"https:\/\/bitwallet.com\/de\/wp-json\/wp\/v2\/types\/page"}],"author":[{"embeddable":true,"href":"https:\/\/bitwallet.com\/de\/wp-json\/wp\/v2\/users\/5"}],"replies":[{"embeddable":true,"href":"https:\/\/bitwallet.com\/de\/wp-json\/wp\/v2\/comments?post=1118"}],"version-history":[{"count":18,"href":"https:\/\/bitwallet.com\/de\/wp-json\/wp\/v2\/pages\/1118\/revisions"}],"predecessor-version":[{"id":5774,"href":"https:\/\/bitwallet.com\/de\/wp-json\/wp\/v2\/pages\/1118\/revisions\/5774"}],"up":[{"embeddable":true,"href":"https:\/\/bitwallet.com\/de\/wp-json\/wp\/v2\/pages\/310"}],"wp:attachment":[{"href":"https:\/\/bitwallet.com\/de\/wp-json\/wp\/v2\/media?parent=1118"}],"curies":[{"name":"wp","href":"https:\/\/api.w.org\/{rel}","templated":true}]}}