{"id":1045,"date":"2023-09-21T10:05:37","date_gmt":"2023-09-21T01:05:37","guid":{"rendered":"https:\/\/bitwallet.com\/?page_id=1045"},"modified":"2024-08-16T12:19:15","modified_gmt":"2024-08-16T03:19:15","slug":"customer-inquiry","status":"publish","type":"page","link":"https:\/\/bitwallet.com\/de\/support\/contact\/customer-inquiry\/","title":{"rendered":"F\u00fcr den Kundensupport"},"content":{"rendered":"<div class=\"wp-block-cover alignwide header\"><span aria-hidden=\"true\" class=\"wp-block-cover__background has-background-dim-0 has-background-dim\"><\/span><img loading=\"lazy\" decoding=\"async\" width=\"2000\" height=\"360\" class=\"wp-block-cover__image-background wp-image-1033\" alt=\"\" src=\"https:\/\/bitwallet.com\/wp-content\/uploads\/2023\/09\/mv-support-contact-jpg.webp\" data-object-fit=\"cover\"\/><div class=\"wp-block-cover__inner-container has-global-padding is-layout-constrained wp-block-cover-is-layout-constrained\">\n<h1 class=\"wp-block-heading has-text-align-left effect00\">Kontaktiere uns<\/h1>\n\n\n\n<p class=\"effect00 fadeTimeA\">Serviceanfrage<\/p>\n<\/div><\/div>\n\n\n\n<h2 class=\"wp-block-heading effect01\">F\u00fcr den Kundensupport<\/h2>\n\n\n\n<p><\/p>\n\n\n\n<div class=\"wp-block-group box effect01 has-global-padding is-layout-constrained wp-block-group-is-layout-constrained\">\n<h3 class=\"wp-block-heading\">F\u00fcr den Kundensupport<\/h3>\n\n\n\n<p>Wenn Sie Fragen zur Kontoer\u00f6ffnung, zur Nutzung Ihres Kontos oder zu unserem Service haben, kontaktieren Sie uns bitte hier.<\/p>\n\n\n\n<h4 class=\"wp-block-heading\">Kontakt Formular<\/h4>\n\n\n\n<p>Verf\u00fcgbar: 24 Stunden<br>Betriebszeiten: Montag bis Samstag, 9:00 bis 17:00 Uhr (JST)<\/p>\n\n\n\n<p>Wenn Sie bereits ein Konto haben, melden Sie sich bitte \u00fcber die Schaltfl\u00e4che unten an und kontaktieren Sie uns.<\/p>\n\n\n\n<div class=\"wp-block-buttons is-content-justification-center is-layout-flex wp-container-core-buttons-is-layout-16018d1d wp-block-buttons-is-layout-flex\">\n<div class=\"wp-block-button effect01\"><a class=\"wp-block-button__link wp-element-button\" href=\"https:\/\/secure.bitwallet.com\/signin\/?a=contact\/lists&amp;lang=en\" target=\"_blank\" rel=\"noreferrer noopener\">Benutzer mit einem bitwallet-Konto<\/a><\/div>\n<\/div>\n\n\n\n<p>Wenn Sie kein Konto haben oder sich nicht anmelden k\u00f6nnen, kontaktieren Sie uns bitte, indem Sie die folgenden Optionen ausw\u00e4hlen.<\/p>\n\n\n\n<div class=\"wp-block-buttons is-content-justification-center is-layout-flex wp-container-core-buttons-is-layout-16018d1d wp-block-buttons-is-layout-flex\">\n<div class=\"wp-block-button effect01 translation-block\"><a class=\"wp-block-button__link wp-element-button\" href=\"https:\/\/secure.bitwallet.com\/contact\/inquiry\/?lang=en\" target=\"_blank\" rel=\"noreferrer noopener\">Kunden, die kein Konto haben<br> Benutzer, die sich nicht anmelden k\u00f6nnen<\/a><\/div>\n<\/div>\n\n\n\n<h4 class=\"wp-block-heading\">Anfrageunterst\u00fctzung durch Sprachf\u00fchrung (japanische Sprache)<\/h4>\n\n\n\n<p>Bei allgemeinen Fragen k\u00f6nnen Sie auch die Telefonberatung nutzen. Wenn Sie spezielle Fragen zu Ihrem Konto haben, wenden Sie sich bitte \u00fcber das oben stehende Anfrageformular an uns.<\/p>\n\n\n\n<p>Verf\u00fcgbar: 24 Stunden<br><span class=\"only-en\">Betriebszeiten: Montag bis Samstag, 9:00 bis 17:00 Uhr (JST)<br><\/span><span class=\"only-ja\">Startdatum: 9:00\u201317:00 Uhr * Startzeit<\/span><\/p>\n\n\n\n<p class=\"has-text-align-center customer-inquiry\">(+81) 050-3204-0823<\/p>\n\n\n\n<p class=\"note has-small-font-size translation-block\">Die von Ihnen zur Verf\u00fcgung gestellten personenbezogenen Daten werden ausschlie\u00dflich zur Beantwortung Ihrer Anfrage verwendet. Wir verwenden diese nicht f\u00fcr andere Zwecke und geben sie nicht ohne Einwilligung an Dritte weiter. Wir gehen sorgf\u00e4ltig mit Ihren personenbezogenen Daten gem\u00e4\u00df unserer <a href=\"https:\/\/bitwallet.com\/de\/aboutus\/privacy\/\" target=\"_self\">Datenschutzerkl\u00e4rung<\/a> um.<\/p>\n<\/div>\n\n\n\n<div class=\"wp-block-cover alignwide is-light help\"><span aria-hidden=\"true\" class=\"wp-block-cover__background has-background-dim-0 has-background-dim\"><\/span><img loading=\"lazy\" decoding=\"async\" width=\"2048\" height=\"336\" class=\"wp-block-cover__image-background wp-image-289\" alt=\"\" src=\"https:\/\/bitwallet.com\/wp-content\/uploads\/2023\/06\/mv-support-jpg.webp\" style=\"object-position:50% 50%\" data-object-fit=\"cover\" data-object-position=\"50% 50%\"\/><div class=\"wp-block-cover__inner-container has-global-padding is-layout-constrained wp-block-cover-is-layout-constrained\">\n<p class=\"has-large-font-size translation-block\"><strong>Brauchst du Hilfe?<\/strong><br> <strong>Wir sind hier, um zu helfen.<\/strong><\/p>\n\n\n\n<p class=\"translation-block\">Unser Support-Team steht Ihnen gerne zur Verf\u00fcgung.<br> Kontaktieren Sie uns, wenn Sie Fragen zu unseren Dienstleistungen haben.<\/p>\n\n\n\n<div class=\"wp-block-buttons is-layout-flex wp-block-buttons-is-layout-flex\">\n<div class=\"wp-block-button\"><a class=\"wp-block-button__link wp-element-button\" href=\"\/de\/support\/contact\/\">Kontaktiere uns<\/a><\/div>\n<\/div>\n<\/div><\/div>","protected":false},"excerpt":{"rendered":"<p>F\u00fcr den Kundensupport F\u00fcr den Kundensupport Wenn Sie Fragen zur Kontoer\u00f6ffnung, zur Nutzung Ihres Kontos oder zu unserem Service haben, kontaktieren Sie uns bitte hier. Kontaktformular Verf\u00fcgbar: 24 Stunden\u00d6ffnungszeiten: Montag bis Samstag, 9:00 bis 17:00 Uhr (JST) Wenn Sie bereits ein Konto haben, melden Sie sich bitte an, indem Sie die Schaltfl\u00e4che unten ausw\u00e4hlen, und kontaktieren Sie uns. Wenn Sie kein Konto haben oder sich nicht anmelden k\u00f6nnen, kontaktieren Sie uns bitte, indem Sie die folgenden Optionen ausw\u00e4hlen. Anfrageunterst\u00fctzung durch Sprachf\u00fchrung (japanische Sprache) F\u00fcr allgemeine Fragen k\u00f6nnen Sie auch die Telefonf\u00fchrung verwenden. Wenn Sie spezielle Fragen zu Ihrem Konto haben, kontaktieren Sie uns bitte \u00fcber das obige Anfrageformular. Verf\u00fcgbar:\u2026<\/p>","protected":false},"author":5,"featured_media":0,"parent":1028,"menu_order":12,"comment_status":"closed","ping_status":"closed","template":"","meta":{"footnotes":""},"class_list":["post-1045","page","type-page","status-publish","hentry"],"_links":{"self":[{"href":"https:\/\/bitwallet.com\/de\/wp-json\/wp\/v2\/pages\/1045","targetHints":{"allow":["GET"]}}],"collection":[{"href":"https:\/\/bitwallet.com\/de\/wp-json\/wp\/v2\/pages"}],"about":[{"href":"https:\/\/bitwallet.com\/de\/wp-json\/wp\/v2\/types\/page"}],"author":[{"embeddable":true,"href":"https:\/\/bitwallet.com\/de\/wp-json\/wp\/v2\/users\/5"}],"replies":[{"embeddable":true,"href":"https:\/\/bitwallet.com\/de\/wp-json\/wp\/v2\/comments?post=1045"}],"version-history":[{"count":36,"href":"https:\/\/bitwallet.com\/de\/wp-json\/wp\/v2\/pages\/1045\/revisions"}],"predecessor-version":[{"id":4925,"href":"https:\/\/bitwallet.com\/de\/wp-json\/wp\/v2\/pages\/1045\/revisions\/4925"}],"up":[{"embeddable":true,"href":"https:\/\/bitwallet.com\/de\/wp-json\/wp\/v2\/pages\/1028"}],"wp:attachment":[{"href":"https:\/\/bitwallet.com\/de\/wp-json\/wp\/v2\/media?parent=1045"}],"curies":[{"name":"wp","href":"https:\/\/api.w.org\/{rel}","templated":true}]}}