{"id":1028,"date":"2023-09-21T09:08:14","date_gmt":"2023-09-21T00:08:14","guid":{"rendered":"https:\/\/bitwallet.com\/?page_id=1028"},"modified":"2024-02-21T20:31:05","modified_gmt":"2024-02-21T11:31:05","slug":"contact","status":"publish","type":"page","link":"https:\/\/bitwallet.com\/de\/support\/contact\/","title":{"rendered":"Kontaktiere uns"},"content":{"rendered":"<div class=\"wp-block-cover alignwide header\"><span aria-hidden=\"true\" class=\"wp-block-cover__background has-background-dim-0 has-background-dim\"><\/span><img loading=\"lazy\" decoding=\"async\" width=\"2000\" height=\"360\" class=\"wp-block-cover__image-background wp-image-1033\" alt=\"\" src=\"https:\/\/bitwallet.com\/wp-content\/uploads\/2023\/09\/mv-support-contact-jpg.webp\" data-object-fit=\"cover\"\/><div class=\"wp-block-cover__inner-container has-global-padding is-layout-constrained wp-block-cover-is-layout-constrained\">\n<h1 class=\"wp-block-heading has-text-align-left effect00\">Kontaktiere uns<\/h1>\n\n\n\n<p class=\"effect00 fadeTimeA\">Serviceanfrage<\/p>\n<\/div><\/div>\n\n\n\n\n\n\n<h2 class=\"wp-block-heading effect01\">Kontaktiere uns<\/h2>\n\n\n\n<p class=\"effect01 fadeTimeA\">Wenn Sie Fragen zum bitwallet-Service haben, kontaktieren Sie uns bitte, indem Sie die folgenden Optionen ausw\u00e4hlen.<\/p>\n\n\n\n<div class=\"wp-block-group box effect01 has-global-padding is-layout-constrained wp-block-group-is-layout-constrained\">\n<h3 class=\"wp-block-heading\">F\u00fcr den Kundensupport<\/h3>\n\n\n\n<p>Wenn Sie Fragen zur Kontoer\u00f6ffnung, zur Nutzung Ihres Kontos oder zu unserem Service haben, kontaktieren Sie uns bitte hier.<\/p>\n\n\n\n<div class=\"wp-block-buttons is-content-justification-center is-layout-flex wp-container-core-buttons-is-layout-16018d1d wp-block-buttons-is-layout-flex\">\n<div class=\"wp-block-button effect01\"><a class=\"wp-block-button__link wp-element-button\" href=\"https:\/\/bitwallet.com\/de\/support\/contact\/customer-inquiry\/\">F\u00fcr den Kundensupport<\/a><\/div>\n<\/div>\n<\/div>\n\n\n\n<div class=\"wp-block-group box effect01 has-global-padding is-layout-constrained wp-block-group-is-layout-constrained\">\n<h3 class=\"wp-block-heading\">F\u00fcr H\u00e4ndler<\/h3>\n\n\n\n<p>Wenn Sie Mitglied des H\u00e4ndlers sind oder sich als H\u00e4ndler anmelden m\u00f6chten, kontaktieren Sie uns bitte hier.<\/p>\n\n\n\n<div class=\"wp-block-buttons is-content-justification-center is-layout-flex wp-container-core-buttons-is-layout-16018d1d wp-block-buttons-is-layout-flex\">\n<div class=\"wp-block-button effect01\"><a class=\"wp-block-button__link wp-element-button\" href=\"https:\/\/bitwallet.com\/de\/support\/contact\/merchant-inquiry\/\">F\u00fcr H\u00e4ndler<\/a><\/div>\n<\/div>\n<\/div>\n\n\n\n<div class=\"wp-block-group box has-global-padding is-layout-constrained wp-block-group-is-layout-constrained\">\n<h3 class=\"wp-block-heading\">F\u00fcr Medienanfragen<\/h3>\n\n\n\n<p>Wenn Sie Mitglied der Medien sind oder zu Medien- oder Marketingzwecken mit uns Kontakt aufnehmen m\u00f6chten, kontaktieren Sie uns bitte.<\/p>\n\n\n\n<div class=\"wp-block-buttons is-content-justification-center is-layout-flex wp-container-core-buttons-is-layout-16018d1d wp-block-buttons-is-layout-flex\">\n<div class=\"wp-block-button effect01\"><a class=\"wp-block-button__link wp-element-button\" href=\"https:\/\/bitwallet.com\/de\/support\/contact\/media-inquiry\/\">F\u00fcr Medienanfragen<\/a><\/div>\n<\/div>\n<\/div>","protected":false},"excerpt":{"rendered":"<p>Kontakt Wenn Sie Fragen zum bitwallet-Service haben, kontaktieren Sie uns bitte, indem Sie eine der folgenden Optionen ausw\u00e4hlen. F\u00fcr Kundensupport Wenn Sie Fragen zur Kontoer\u00f6ffnung, zur Nutzung Ihres Kontos oder zu unserem Service haben, kontaktieren Sie uns bitte hier. F\u00fcr H\u00e4ndler Wenn Sie Mitglied der H\u00e4ndlerliste sind oder sich als H\u00e4ndler registrieren m\u00f6chten, kontaktieren Sie uns bitte hier. F\u00fcr Medienanfragen Wenn Sie Mitglied der Medienliste sind oder uns zu Medien- oder Marketingzwecken kontaktieren m\u00f6chten, kontaktieren Sie uns bitte.<\/p>","protected":false},"author":5,"featured_media":0,"parent":310,"menu_order":11,"comment_status":"closed","ping_status":"closed","template":"","meta":{"footnotes":""},"class_list":["post-1028","page","type-page","status-publish","hentry"],"_links":{"self":[{"href":"https:\/\/bitwallet.com\/de\/wp-json\/wp\/v2\/pages\/1028","targetHints":{"allow":["GET"]}}],"collection":[{"href":"https:\/\/bitwallet.com\/de\/wp-json\/wp\/v2\/pages"}],"about":[{"href":"https:\/\/bitwallet.com\/de\/wp-json\/wp\/v2\/types\/page"}],"author":[{"embeddable":true,"href":"https:\/\/bitwallet.com\/de\/wp-json\/wp\/v2\/users\/5"}],"replies":[{"embeddable":true,"href":"https:\/\/bitwallet.com\/de\/wp-json\/wp\/v2\/comments?post=1028"}],"version-history":[{"count":41,"href":"https:\/\/bitwallet.com\/de\/wp-json\/wp\/v2\/pages\/1028\/revisions"}],"predecessor-version":[{"id":4477,"href":"https:\/\/bitwallet.com\/de\/wp-json\/wp\/v2\/pages\/1028\/revisions\/4477"}],"up":[{"embeddable":true,"href":"https:\/\/bitwallet.com\/de\/wp-json\/wp\/v2\/pages\/310"}],"wp:attachment":[{"href":"https:\/\/bitwallet.com\/de\/wp-json\/wp\/v2\/media?parent=1028"}],"curies":[{"name":"wp","href":"https:\/\/api.w.org\/{rel}","templated":true}]}}